{"id":1400,"date":"2026-01-13T19:57:16","date_gmt":"2026-01-13T18:57:16","guid":{"rendered":"https:\/\/harmonietoulouse.com\/?page_id=1400"},"modified":"2026-01-13T20:09:29","modified_gmt":"2026-01-13T19:09:29","slug":"stress-et-charges-emotionnelles","status":"publish","type":"page","link":"https:\/\/harmonietoulouse.com\/index.php\/stress-et-charges-emotionnelles\/","title":{"rendered":"Stress et charges \u00e9motionnelles"},"content":{"rendered":"<div dir=\"auto\" style=\"text-align: center;\">Retrouver de l\u2019espace int\u00e9rieur \u2013 Psycho Bio Acupressure, EFT et TSBH (EMDR) \u00e0 Toulouse<\/div>\n<div dir=\"auto\"><\/div>\n<div dir=\"auto\" style=\"text-align: center;\"><strong>Quand le stress devient trop lourd<\/strong><\/div>\n<div dir=\"auto\"><\/div>\n<div dir=\"auto\" style=\"text-align: center;\"><img loading=\"lazy\" decoding=\"async\" class=\"alignnone  wp-image-1037\" src=\"https:\/\/harmonietoulouse.com\/wp-content\/uploads\/2022\/05\/insomnie-trouble-du-sommeil-cause-solution-630x420-1-300x200.jpg\" alt=\"\" width=\"203\" height=\"135\" srcset=\"https:\/\/harmonietoulouse.com\/wp-content\/uploads\/2022\/05\/insomnie-trouble-du-sommeil-cause-solution-630x420-1-300x200.jpg 300w, https:\/\/harmonietoulouse.com\/wp-content\/uploads\/2022\/05\/insomnie-trouble-du-sommeil-cause-solution-630x420-1-450x300.jpg 450w, https:\/\/harmonietoulouse.com\/wp-content\/uploads\/2022\/05\/insomnie-trouble-du-sommeil-cause-solution-630x420-1.jpg 630w\" sizes=\"auto, (max-width: 203px) 100vw, 203px\" \/><\/div>\n<div dir=\"auto\"><\/div>\n<div dir=\"auto\" style=\"text-align: center;\">Tu avances, tu g\u00e8res, tu fais face.<\/div>\n<div dir=\"auto\" style=\"text-align: center;\">Mais \u00e0 l\u2019int\u00e9rieur, la pression ne redescend jamais vraiment.<\/div>\n<div dir=\"auto\"><\/div>\n<div dir=\"auto\" style=\"text-align: center;\">Le stress peut s\u2019exprimer par :<\/div>\n<div dir=\"auto\"><\/div>\n<div dir=\"auto\" style=\"text-align: center;\"><em>fatigue chronique<\/em><\/div>\n<div dir=\"auto\" style=\"text-align: center;\"><em>irritabilit\u00e9<\/em><\/div>\n<div dir=\"auto\" style=\"text-align: center;\"><em>tensions corporelles<\/em><\/div>\n<div dir=\"auto\" style=\"text-align: center;\"><em>difficult\u00e9s \u00e0 l\u00e2cher prise<\/em><\/div>\n<div dir=\"auto\" style=\"text-align: center;\"><em>sensation d\u2019\u00eatre \u201ctoujours en alerte\u201d<\/em><\/div>\n<div dir=\"auto\"><\/div>\n<div dir=\"auto\" style=\"text-align: center;\">\u00a0<strong>Le corps garde en m\u00e9moire ce qu\u2019il n\u2019a pas pu lib\u00e9rer.<\/strong><\/div>\n<div dir=\"auto\"><\/div>\n<div dir=\"auto\" style=\"text-align: center;\">\u00a0Travailler avec le corps et l\u2019inconscient<\/div>\n<div dir=\"auto\" style=\"text-align: center;\">La PBA et l&rsquo;EFT permettent d\u2019agir l\u00e0 o\u00f9 le mental ne suffit plus.<\/div>\n<div dir=\"auto\" style=\"text-align: center;\"><\/div>\n<div dir=\"auto\" style=\"text-align: center;\">Gr\u00e2ce \u00e0 un travail doux et pr\u00e9cis :<\/div>\n<div dir=\"auto\"><\/div>\n<div dir=\"auto\" style=\"text-align: center;\"><em>le syst\u00e8me nerveux s\u2019apaise<\/em><\/div>\n<div dir=\"auto\" style=\"text-align: center;\"><em>les m\u00e9moires \u00e9motionnelles se lib\u00e8rent<\/em><\/div>\n<div dir=\"auto\" style=\"text-align: center;\"><em>le corps retrouve un \u00e9tat de s\u00e9curit\u00e9<\/em><\/div>\n<div dir=\"auto\"><\/div>\n<div dir=\"auto\" style=\"text-align: center;\"><strong>Tout se fait sans forcer, dans le respect total de ce que tu es pr\u00eat(e) \u00e0 vivre.<\/strong><\/div>\n<div dir=\"auto\"><\/div>\n<div dir=\"auto\" style=\"text-align: center;\">\u00a0Ce que recherchent les personnes que j\u2019accompagne:<\/div>\n<div dir=\"auto\"><\/div>\n<div dir=\"auto\" style=\"text-align: center;\"><em>se sentir plus l\u00e9g\u00e8res \u00e9motionnellement<\/em><\/div>\n<div dir=\"auto\" style=\"text-align: center;\"><em>retrouver de l\u2019\u00e9nergie<\/em><\/div>\n<div dir=\"auto\" style=\"text-align: center;\"><em>ne plus \u00eatre submerg\u00e9es par le stress<\/em><\/div>\n<div dir=\"auto\" style=\"text-align: center;\"><em>se reconnecter \u00e0 elles-m\u00eames<\/em><\/div>\n<div dir=\"auto\"><\/div>\n<div dir=\"auto\" style=\"text-align: center;\"><img loading=\"lazy\" decoding=\"async\" class=\"alignnone  wp-image-1157\" src=\"https:\/\/harmonietoulouse.com\/wp-content\/uploads\/2023\/08\/cropped-merecimento-300x188.jpg\" alt=\"\" width=\"196\" height=\"123\" srcset=\"https:\/\/harmonietoulouse.com\/wp-content\/uploads\/2023\/08\/cropped-merecimento-300x188.jpg 300w, https:\/\/harmonietoulouse.com\/wp-content\/uploads\/2023\/08\/cropped-merecimento-1024x640.jpg 1024w, https:\/\/harmonietoulouse.com\/wp-content\/uploads\/2023\/08\/cropped-merecimento-768x480.jpg 768w, https:\/\/harmonietoulouse.com\/wp-content\/uploads\/2023\/08\/cropped-merecimento-1240x775.jpg 1240w, https:\/\/harmonietoulouse.com\/wp-content\/uploads\/2023\/08\/cropped-merecimento-508x318.jpg 508w, https:\/\/harmonietoulouse.com\/wp-content\/uploads\/2023\/08\/cropped-merecimento.jpg 1440w\" sizes=\"auto, (max-width: 196px) 100vw, 196px\" \/><\/div>\n<div dir=\"auto\"><\/div>\n<div dir=\"auto\">\n<blockquote>\n<div class=\"row review-detail-body\"><em><strong>\u00ab\u00a0Pour une premi\u00e8re d\u00e9couverte j avoue que j ai \u00e9t\u00e9 agr\u00e9able satisfaite&#8230;soins complets juste et pr\u00e9cis&#8230;. Nelly est une belle personne tr\u00e8s \u00e0 \u00e9coute et disponible.je recommande \u00e0 100% m\u00eame pour une premi\u00e8re d\u00e9couverte merci pour tout.\u00a0\u00bb Cathy (8 juin 2022)<\/strong><\/em><\/div>\n<\/blockquote>\n<\/div>\n<div dir=\"auto\" style=\"text-align: center;\"><\/div>\n<div dir=\"auto\" style=\"text-align: center;\">S\u00e9ances \u00e0 Toulouse<\/div>\n<div dir=\"auto\" style=\"text-align: center;\">J\u2019accompagne les adultes dans un cadre calme et s\u00e9curisant.<\/div>\n<div dir=\"auto\" style=\"text-align: center;\">\u00a0Prendre contact est souvent d\u00e9j\u00e0 un premier pas vers l\u2019apaisement.<\/div>\n<div dir=\"auto\"><\/div>\n<div dir=\"auto\">\n<div data-test='contact-form'\n\t\t\tid='contact-form-1400'\n\t\t\tclass='jetpack-contact-form-container '\n\t\t\tdata-wp-interactive='jetpack\/form' data-wp-context='{\"formId\":\"1400\",\"formHash\":\"9ff98843c01d42b6212a38af8785fff16c7eb875\",\"showErrors\":false,\"errors\":[],\"fields\":[],\"isMultiStep\":false,\"useAjax\":true,\"submissionData\":null,\"formattedSubmissionData\":[],\"submissionSuccess\":false,\"submissionError\":null,\"elementId\":\"jp-form-9ff98843c01d42b6212a38af8785fff16c7eb875\",\"isSingleInputForm\":false,\"isForcedHorizontal\":false}'\n\t\t\tdata-wp-watch--scroll-to-wrapper=\"callbacks.scrollToWrapper\"\n\t\t>\n<div class=\"contact-form-submission contact-form-ajax-submission\" data-wp-bind--aria-hidden=\"state.isSuccessMessageAriaHidden\" data-wp-class--submission-success=\"context.submissionSuccess\" id=\"contact-form-success-9ff98843c01d42b6212a38af8785fff16c7eb875\" tabindex=\"-1\" aria-labelledby=\"contact-form-success-header-9ff98843c01d42b6212a38af8785fff16c7eb875\"><p class=\"go-back-message\"><a class=\"link\" role=\"button\" tabindex=\"0\" data-wp-on--click=\"actions.goBack\" href=\"\/index.php\/wp-json\/wp\/v2\/pages\/1400\">\u2190 Retour<\/a><\/p><h4 data-wp-bind--aria-hidden=\"state.isSuccessMessageAriaHidden\" id=\"contact-form-success-header-9ff98843c01d42b6212a38af8785fff16c7eb875\">Merci pour votre r\u00e9ponse. \u2728<\/h4>\n\n<template data-wp-each--submission=\"context.formattedSubmissionData\">\n\t\t\t\t\t<div class=\"jetpack_forms_contact-form-success-summary\">\n\t\t\t\t\t\t<div class=\"field-name-wrapper\">\n\t\t\t\t\t\t\t<div class=\"field-type-icon\" data-wp-watch=\"callbacks.watchFieldTypeIcon\"><\/div>\n\t\t\t\t\t\t\t<div class=\"field-name\" data-wp-text=\"context.submission.label\" data-wp-bind--hidden=\"!context.submission.label\"><\/div>\n\t\t\t\t\t\t<\/div>\n\t\t\t\t\t\t<div class=\"field-value\" data-wp-text=\"context.submission.value\" data-wp-bind--hidden=\"!context.submission.showPlainValue\"><\/div>\n\t\t\t\t\t\t<a class=\"field-url\" data-wp-bind--href=\"context.submission.url\" data-wp-text=\"context.submission.value\" data-wp-bind--hidden=\"!context.submission.url\" target=\"_blank\" rel=\"noopener noreferrer\"><\/a>\n\t\t\t\t\t\t<div class=\"field-rating\" data-wp-bind--hidden=\"!context.submission.rating\" data-wp-watch=\"callbacks.watchRatingIcons\"><\/div>\n\t\t\t\t\t\t<div class=\"field-images\" data-wp-bind--hidden=\"!context.submission.images\">\n\t\t\t\t\t\t\t<template data-wp-each--image=\"context.submission.images\">\n\t\t\t\t\t\t\t\t<div class=\"field-image-option\" data-wp-class--is-empty=\"!context.image.src\">\n\t\t\t\t\t\t\t\t\t<figure class=\"field-image-option__image\" data-wp-class--is-empty=\"!context.image.src\">\n\t\t\t\t\t\t\t\t\t\t<img data-wp-bind--src=\"context.image.src\" data-wp-bind--hidden=\"!context.image.src\" \/>\n\t\t\t\t\t\t\t\t\t\t<img decoding=\"async\" src=\"data:image\/gif;base64,R0lGODlhAQABAAD\/ACwAAAAAAQABAAACADs=\" data-wp-bind--hidden=\"context.image.src\" \/>\n\t\t\t\t\t\t\t\t\t<\/figure>\n\t\t\t\t\t\t\t\t\t<div class=\"field-image-option__label-wrapper\">\n\t\t\t\t\t\t\t\t\t\t<span class=\"field-image-option__label-code\" data-wp-text=\"context.image.letterCode\"><\/span>\n\t\t\t\t\t\t\t\t\t\t<span class=\"field-image-option__label\" data-wp-text=\"context.image.label\" data-wp-bind--hidden=\"!context.image.label\"><\/span>\n\t\t\t\t\t\t\t\t\t<\/div>\n\t\t\t\t\t\t\t\t<\/div>\n\t\t\t\t\t\t\t<\/template>\n\t\t\t\t\t\t<\/div>\n\t\t\t\t\t\t<div class=\"field-files\" data-wp-bind--hidden=\"!context.submission.files\">\n\t\t\t\t\t\t\t<template data-wp-each--file=\"context.submission.files\">\n\t\t\t\t\t\t\t\t<div class=\"field-file\">\n\t\t\t\t\t\t\t\t\t<div class=\"field-file__thumbnail\" data-wp-style--background-image=\"context.file.previewUrl\" data-wp-style--mask-image=\"context.file.iconUrl\" data-wp-bind--hidden=\"!context.file.hasPreview\"><\/div>\n\t\t\t\t\t\t\t\t\t<svg class=\"field-file__icon\" data-wp-bind--hidden=\"context.file.hasPreview\" width=\"20\" height=\"20\" viewBox=\"0 0 24 24\" fill=\"none\" xmlns=\"http:\/\/www.w3.org\/2000\/svg\" aria-hidden=\"true\">\n\t\t\t\t\t\t\t\t\t\t<path d=\"M14 2H6C4.9 2 4 2.9 4 4V20C4 21.1 4.89 22 5.99 22H18C19.1 22 20 21.1 20 20V8L14 2ZM18 20H6V4H13V9H18V20Z\" fill=\"currentColor\"\/>\n\t\t\t\t\t\t\t\t\t<\/svg>\n\t\t\t\t\t\t\t\t\t<span class=\"field-file__name\" data-wp-text=\"context.file.name\"><\/span>\n\t\t\t\t\t\t\t\t\t<span class=\"field-file__size\" data-wp-text=\"context.file.size\"><\/span>\n\t\t\t\t\t\t\t\t<\/div>\n\t\t\t\t\t\t\t<\/template>\n\t\t\t\t\t\t<\/div>\n\t\t\t\t\t<\/div>\n\t\t\t\t<\/template><\/div><form action='https:\/\/harmonietoulouse.com\/index.php\/stress-et-charges-emotionnelles\/'\n\t\t\t\tid='jp-form-9ff98843c01d42b6212a38af8785fff16c7eb875'\n\t\t\t\tmethod='post'\n\t\t\t\tclass='contact-form commentsblock jetpack-contact-form__form has-no-jetpack-form-layout' aria-label=\"Stress et charges \u00e9motionnelles\"\n\t\t\t\tdata-wp-on--submit=\"actions.onFormSubmit\"\n\t\t\t\tdata-wp-on--reset=\"actions.onFormReset\"\n\t\t\t\tdata-wp-class--submission-success=\"context.submissionSuccess\"\n\t\t\t\tdata-wp-class--is-first-step=\"state.isFirstStep\"\n\t\t\t\tdata-wp-class--is-last-step=\"state.isLastStep\"\n\t\t\t\tdata-wp-class--is-ajax-form=\"context.useAjax\"\n\t\t\t\tnovalidate >\n<input type='hidden' name='jetpack_contact_form_jwt' value='eyJ0eXAiOiJKV1QiLCJhbGciOiJIUzI1NiJ9.eyJlbmNyeXB0ZWRfYXR0cmlidXRlcyI6Im52ZHNIemdMZWk1dFF1OFZLTldQNmI0b3hRRkljcVFUaXRxMHNBQ1FOWlhncGtkK0FkVVp1RkNxdEhCM08vNzJNTWt0a0xURlhIVGFBWWdWa1cza1pleElIdHNuNnprTTVWMU54dGVIUERILzlYay9ab3FyQkJ5S2MzajRiWXJtR0s5bFpFZ2crbVVMNkhUVExHWUNraVQveXdUYW12OENLeUpob2o2enNuVk9LdnNTdDVwb0F0K2ZzTTVQT09Tb2JZWjlZL3QxNStObXdHaWRXSmdIcGd6c2pmZEY1WmZPVEpGR3NHZVEzVWJaREJaUkZwNzhLemNIcEc1MjNKNHZ6aDNHQytqeDFDOXpXUFlSb1VjTENwRHNWRCtOd2plMmZCVTF4MTlaQlVSUzF6WWlGYjBKYUF6UFp5elhZQmVmeHBmUTNTTjlKMVRaRVNuS0V3cjVTNzdPMStLamJOdm14cW5vdHE5eHpPQWh3NDlCejdXUjFhMzlSdlV0em5oZVUrOWNOTjVCZ2NPbWZqK3o3b3FUcUVIdlZWQXNiYnBEUzhYWlNoVDhpaDR5WEV3enlRUituWVc2OUJjZDQxTGN3WEZreGNtTy9ydWZ5UXAyK3hJMnMyZHZkZWFwbnVoYUZDV2s3M1AzMUhTQmR6dFZleFBkZURQMmhOcWVVeVZiNVNGTFFxanorRTltbmdJNWR2RDdRc082RGMwaWpDQ1NXRGFad2tvL1ZqS2xCTkZDemU2RFBvUkMzSzErVFZHcG1PRGFHRzIxN2NIVTVWa1VrUExUSnVKZG9PZFlJdTB6MnA1ZTZRcFR5MDV5alZ4SzJ0US9BQ2c1Y0VvWHNkd0lrSEZHWllINE5zYVpxS0M5VlIzOXJxQ3pTWU1zaVFWdlB1ZVdZVU0zdC9qWWx4Vi80cnZLRmFtN0xCd2c4ZXF1MXF5cjdtVHVaeXBhb05LSm9vTjJwUTZHczR6dE81cUh0ZGVQM0VmY0JneFM2R0FUQzBpQzE2Y0tTeU40Nyt4RE11TkJPOW5QRjBNQWlhRXh4MTVkT0Q1b0RGOGtuR2VZL2lieHdzMGVZZDRNTDJmM3lXY2VIR2tXak5lRG1KUGU2UE1mb3Vna1ZzNXhHSGNhWEFRdUdaak1ib1MyUGJTcWxLZkw4UExwZU1aazF0Nng1bVRtOEY1V3phbVl5QU50QXI1TDB2SGhRaFBFdEVPRis3am5pckJBUEUvc1dPcU52bjE2WmZtK2pKV1V2aE5VT0REaThSaE9reS9YY3R5SUMzYjFKMnVsenFudi9KMUx6cTlzekdxZlFsYWJ0cEFwb0R0S2xQS3c5dDhBeXpqa09xV3FpVXp0ZGtaSld6REIiLCJjb250ZW50IjoiW2NvbnRhY3QtZmllbGQgbGFiZWw9XCJOb21cIiB0eXBlPVwibmFtZVwiICByZXF1aXJlZD1cInRydWVcIiAvXVtjb250YWN0LWZpZWxkIGxhYmVsPVwiRS1tYWlsXCIgdHlwZT1cImVtYWlsXCIgcmVxdWlyZWQ9XCJ0cnVlXCIgL11bY29udGFjdC1maWVsZCBsYWJlbD1cIlNpdGUgd2ViXCIgdHlwZT1cInVybFwiIC9dW2NvbnRhY3QtZmllbGQgbGFiZWw9XCJNZXNzYWdlXCIgdHlwZT1cInRleHRhcmVhXCIgL10iLCJoYXNoIjoiOWZmOTg4NDNjMDFkNDJiNjIxMmEzOGFmODc4NWZmZjE2YzdlYjg3NSIsInNvdXJjZSI6eyJlbnRyeV90aXRsZSI6IlN0cmVzcyBldCBjaGFyZ2VzIFx1MDBlOW1vdGlvbm5lbGxlcyIsImVudHJ5X3BhZ2UiOjEsInNvdXJjZV9pZCI6MTQwMCwic291cmNlX3R5cGUiOiJzaW5nbGUiLCJyZXF1ZXN0X3VybCI6Imh0dHBzOi8vaGFybW9uaWV0b3Vsb3VzZS5jb20vd3AtanNvbi93cC92Mi9wYWdlcy8xNDAwIn0sInZlcnNpb24iOjIsImNpcGhlciI6ImFlcy0yNTYtZ2NtIn0.IGWaiWH9hByGusDEoxIpG2qbro-VhiXFFVee4WzltFw' \/>\n\n<div style=\"\"  data-wp-interactive=\"jetpack\/form\" data-wp-context='{\"fieldId\":\"g1400-nom\",\"fieldType\":\"name\",\"fieldLabel\":\"Nom\",\"fieldValue\":\"\",\"fieldPlaceholder\":\"\",\"fieldIsRequired\":\"1\",\"fieldErrorMessage\":\"\",\"fieldExtra\":[],\"formHash\":\"9ff98843c01d42b6212a38af8785fff16c7eb875\"}'  class='grunion-field-name-wrap grunion-field-wrap'  data-wp-init='callbacks.initializeField' data-wp-on--jetpack-form-reset='callbacks.initializeField' >\n<label\n\t\t\t\tfor='g1400-nom' class=\"grunion-field-label name\" >Nom<span class=\"grunion-label-required\" aria-hidden=\"true\">(obligatoire)<\/span><\/label>\n<input\n\t\t\t\t\ttype='text'\n\t\t\t\t\tname='g1400-nom'\n\t\t\t\t\tid='g1400-nom'\n\t\t\t\t\tvalue=''\n\n\t\t\t\t\tdata-wp-bind--aria-invalid='state.fieldAriaInvalid'\n\t\t\t\t\tdata-wp-bind--value='state.getFieldValue'\n\t\t\t\t\taria-describedby='g1400-nom-text-error-message'\n\t\t\t\t\tdata-wp-on--input='actions.onFieldChange'\n\t\t\t\t\tdata-wp-on--blur='actions.onFieldBlur'\n\t\t\t\t\tdata-wp-class--has-value='state.hasFieldValue'\n\n\t\t\t\t\tclass='name  grunion-field' \n\t\t\t\t\trequired='true' aria-required='true'  \/>\n \n\t\t\t<div id=\"g1400-nom-text-error\" class=\"contact-form__input-error\" data-wp-class--has-errors=\"state.fieldHasErrors\">\n\t\t\t\t<span class=\"contact-form__warning-icon\" aria-hidden=\"true\">\n\t\t\t\t\t<svg width=\"16\" height=\"16\" viewBox=\"0 0 16 16\" fill=\"none\" xmlns=\"http:\/\/www.w3.org\/2000\/svg\">\n\t\t\t\t\t\t<path d=\"M8.50015 11.6402H7.50015V10.6402H8.50015V11.6402Z\" \/>\n\t\t\t\t\t\t<path d=\"M7.50015 9.64018H8.50015V6.30684H7.50015V9.64018Z\" \/>\n\t\t\t\t\t\t<path fill-rule=\"evenodd\" clip-rule=\"evenodd\" d=\"M6.98331 3.0947C7.42933 2.30177 8.57096 2.30177 9.01698 3.09469L13.8771 11.7349C14.3145 12.5126 13.7525 13.4735 12.8602 13.4735H3.14004C2.24774 13.4735 1.68575 12.5126 2.12321 11.7349L6.98331 3.0947ZM8.14541 3.58496C8.08169 3.47168 7.9186 3.47168 7.85488 3.58496L2.99478 12.2251C2.93229 12.3362 3.01257 12.4735 3.14004 12.4735H12.8602C12.9877 12.4735 13.068 12.3362 13.0055 12.2251L8.14541 3.58496Z\" \/>\n\t\t\t\t\t<\/svg>\n\t\t\t\t<\/span>\n\t\t\t\t<span data-wp-text=\"state.errorMessage\" id=\"g1400-nom-text-error-message\"><\/span>\n\t\t\t<\/div> \n\t<\/div>\n\n<div style=\"\"  data-wp-interactive=\"jetpack\/form\" data-wp-context='{\"fieldId\":\"g1400-email\",\"fieldType\":\"email\",\"fieldLabel\":\"E-mail\",\"fieldValue\":\"\",\"fieldPlaceholder\":\"\",\"fieldIsRequired\":\"1\",\"fieldErrorMessage\":\"\",\"fieldExtra\":[],\"formHash\":\"9ff98843c01d42b6212a38af8785fff16c7eb875\"}'  class='grunion-field-email-wrap grunion-field-wrap'  data-wp-init='callbacks.initializeField' data-wp-on--jetpack-form-reset='callbacks.initializeField' >\n<label\n\t\t\t\tfor='g1400-email' class=\"grunion-field-label email\" >E-mail<span class=\"grunion-label-required\" aria-hidden=\"true\">(obligatoire)<\/span><\/label>\n<input\n\t\t\t\t\ttype='email'\n\t\t\t\t\tname='g1400-email'\n\t\t\t\t\tid='g1400-email'\n\t\t\t\t\tvalue=''\n\n\t\t\t\t\tdata-wp-bind--aria-invalid='state.fieldAriaInvalid'\n\t\t\t\t\tdata-wp-bind--value='state.getFieldValue'\n\t\t\t\t\taria-describedby='g1400-email-email-error-message'\n\t\t\t\t\tdata-wp-on--input='actions.onFieldChange'\n\t\t\t\t\tdata-wp-on--blur='actions.onFieldBlur'\n\t\t\t\t\tdata-wp-class--has-value='state.hasFieldValue'\n\n\t\t\t\t\tclass='email  grunion-field' \n\t\t\t\t\trequired='true' aria-required='true'  \/>\n \n\t\t\t<div id=\"g1400-email-email-error\" class=\"contact-form__input-error\" data-wp-class--has-errors=\"state.fieldHasErrors\">\n\t\t\t\t<span class=\"contact-form__warning-icon\" aria-hidden=\"true\">\n\t\t\t\t\t<svg width=\"16\" height=\"16\" viewBox=\"0 0 16 16\" fill=\"none\" xmlns=\"http:\/\/www.w3.org\/2000\/svg\">\n\t\t\t\t\t\t<path d=\"M8.50015 11.6402H7.50015V10.6402H8.50015V11.6402Z\" \/>\n\t\t\t\t\t\t<path d=\"M7.50015 9.64018H8.50015V6.30684H7.50015V9.64018Z\" \/>\n\t\t\t\t\t\t<path fill-rule=\"evenodd\" clip-rule=\"evenodd\" d=\"M6.98331 3.0947C7.42933 2.30177 8.57096 2.30177 9.01698 3.09469L13.8771 11.7349C14.3145 12.5126 13.7525 13.4735 12.8602 13.4735H3.14004C2.24774 13.4735 1.68575 12.5126 2.12321 11.7349L6.98331 3.0947ZM8.14541 3.58496C8.08169 3.47168 7.9186 3.47168 7.85488 3.58496L2.99478 12.2251C2.93229 12.3362 3.01257 12.4735 3.14004 12.4735H12.8602C12.9877 12.4735 13.068 12.3362 13.0055 12.2251L8.14541 3.58496Z\" \/>\n\t\t\t\t\t<\/svg>\n\t\t\t\t<\/span>\n\t\t\t\t<span data-wp-text=\"state.errorMessage\" id=\"g1400-email-email-error-message\"><\/span>\n\t\t\t<\/div> \n\t<\/div>\n\n<div style=\"\"  data-wp-interactive=\"jetpack\/form\" data-wp-context='{\"fieldId\":\"g1400-siteweb\",\"fieldType\":\"url\",\"fieldLabel\":\"Site web\",\"fieldValue\":\"\",\"fieldPlaceholder\":\"\",\"fieldIsRequired\":\"\",\"fieldErrorMessage\":\"\",\"fieldExtra\":[],\"formHash\":\"9ff98843c01d42b6212a38af8785fff16c7eb875\"}'  class='grunion-field-url-wrap grunion-field-wrap'  data-wp-init='callbacks.initializeField' data-wp-on--jetpack-form-reset='callbacks.initializeField' >\n<label\n\t\t\t\tfor='g1400-siteweb' class=\"grunion-field-label url\" >Site web<\/label>\n<input\n\t\t\t\t\ttype='text'\n\t\t\t\t\tname='g1400-siteweb'\n\t\t\t\t\tid='g1400-siteweb'\n\t\t\t\t\tvalue=''\n\n\t\t\t\t\tdata-wp-bind--aria-invalid='state.fieldAriaInvalid'\n\t\t\t\t\tdata-wp-bind--value='state.getFieldValue'\n\t\t\t\t\taria-describedby='g1400-siteweb-text-error-message'\n\t\t\t\t\tdata-wp-on--input='actions.onFieldChange'\n\t\t\t\t\tdata-wp-on--blur='actions.onFieldBlur'\n\t\t\t\t\tdata-wp-class--has-value='state.hasFieldValue'\n\n\t\t\t\t\tclass='url  grunion-field' \n\t\t\t\t\t \/>\n \n\t\t\t<div id=\"g1400-siteweb-text-error\" class=\"contact-form__input-error\" data-wp-class--has-errors=\"state.fieldHasErrors\">\n\t\t\t\t<span class=\"contact-form__warning-icon\" aria-hidden=\"true\">\n\t\t\t\t\t<svg width=\"16\" height=\"16\" viewBox=\"0 0 16 16\" fill=\"none\" xmlns=\"http:\/\/www.w3.org\/2000\/svg\">\n\t\t\t\t\t\t<path d=\"M8.50015 11.6402H7.50015V10.6402H8.50015V11.6402Z\" \/>\n\t\t\t\t\t\t<path d=\"M7.50015 9.64018H8.50015V6.30684H7.50015V9.64018Z\" \/>\n\t\t\t\t\t\t<path fill-rule=\"evenodd\" clip-rule=\"evenodd\" d=\"M6.98331 3.0947C7.42933 2.30177 8.57096 2.30177 9.01698 3.09469L13.8771 11.7349C14.3145 12.5126 13.7525 13.4735 12.8602 13.4735H3.14004C2.24774 13.4735 1.68575 12.5126 2.12321 11.7349L6.98331 3.0947ZM8.14541 3.58496C8.08169 3.47168 7.9186 3.47168 7.85488 3.58496L2.99478 12.2251C2.93229 12.3362 3.01257 12.4735 3.14004 12.4735H12.8602C12.9877 12.4735 13.068 12.3362 13.0055 12.2251L8.14541 3.58496Z\" \/>\n\t\t\t\t\t<\/svg>\n\t\t\t\t<\/span>\n\t\t\t\t<span data-wp-text=\"state.errorMessage\" id=\"g1400-siteweb-text-error-message\"><\/span>\n\t\t\t<\/div> \n\t<\/div>\n\n<div style=\"\"  data-wp-interactive=\"jetpack\/form\" data-wp-context='{\"fieldId\":\"g1400-message\",\"fieldType\":\"textarea\",\"fieldLabel\":\"Message\",\"fieldValue\":\"\",\"fieldPlaceholder\":\"\",\"fieldIsRequired\":\"\",\"fieldErrorMessage\":\"\",\"fieldExtra\":[],\"formHash\":\"9ff98843c01d42b6212a38af8785fff16c7eb875\"}'  class='grunion-field-textarea-wrap grunion-field-wrap'  data-wp-init='callbacks.initializeField' data-wp-on--jetpack-form-reset='callbacks.initializeField' >\n<label\n\t\t\t\tfor='contact-form-comment-g1400-message' class=\"grunion-field-label textarea\" >Message<\/label>\n<textarea\n\t\t                style=''\n\t\t                name='g1400-message'\n\t\t                id='contact-form-comment-g1400-message'\n\t\t                rows='20'\n\t\t\t\t\t\tdata-wp-text='state.getFieldValue'\n\t\t\t\t\t\tdata-wp-on--input='actions.onFieldChange'\n\t\t\t\t\t\tdata-wp-on--blur='actions.onFieldBlur'\n\t\t\t\t\t\tdata-wp-class--has-value='state.hasFieldValue'\n\t\t\t\t\t\taria-describedby='g1400-message-textarea-error-message'\n\t\t\t\t\t\tdata-wp-bind--aria-invalid='state.fieldAriaInvalid'\n\t\t\t\t\t\tclass='textarea  grunion-field'  ><\/textarea>\n \n\t\t\t<div id=\"g1400-message-textarea-error\" class=\"contact-form__input-error\" data-wp-class--has-errors=\"state.fieldHasErrors\">\n\t\t\t\t<span class=\"contact-form__warning-icon\" aria-hidden=\"true\">\n\t\t\t\t\t<svg width=\"16\" height=\"16\" viewBox=\"0 0 16 16\" fill=\"none\" xmlns=\"http:\/\/www.w3.org\/2000\/svg\">\n\t\t\t\t\t\t<path d=\"M8.50015 11.6402H7.50015V10.6402H8.50015V11.6402Z\" \/>\n\t\t\t\t\t\t<path d=\"M7.50015 9.64018H8.50015V6.30684H7.50015V9.64018Z\" \/>\n\t\t\t\t\t\t<path fill-rule=\"evenodd\" clip-rule=\"evenodd\" d=\"M6.98331 3.0947C7.42933 2.30177 8.57096 2.30177 9.01698 3.09469L13.8771 11.7349C14.3145 12.5126 13.7525 13.4735 12.8602 13.4735H3.14004C2.24774 13.4735 1.68575 12.5126 2.12321 11.7349L6.98331 3.0947ZM8.14541 3.58496C8.08169 3.47168 7.9186 3.47168 7.85488 3.58496L2.99478 12.2251C2.93229 12.3362 3.01257 12.4735 3.14004 12.4735H12.8602C12.9877 12.4735 13.068 12.3362 13.0055 12.2251L8.14541 3.58496Z\" \/>\n\t\t\t\t\t<\/svg>\n\t\t\t\t<\/span>\n\t\t\t\t<span data-wp-text=\"state.errorMessage\" id=\"g1400-message-textarea-error-message\"><\/span>\n\t\t\t<\/div>\n\t<\/div>\n\t<p class='contact-submit'>\n<div class=\"contact-form__error\" data-wp-class--show-errors=\"state.showFormErrors\"><span class=\"contact-form__warning-icon\" aria-hidden=\"true\"><i><\/i><\/span><span class=\"contact-form__error-message\" tabindex=\"-1\" data-wp-watch=\"callbacks.focusOnValidationError\" data-wp-text=\"state.getFormErrorMessage\"><\/span><ul aria-label=\"Erreurs de formulaire\">\n\t\t\t\t<template data-wp-each=\"state.getErrorList\" data-wp-key=\"context.item.id\">\n\t\t\t\t\t<li><a data-wp-bind--href=\"context.item.anchor\" data-wp-on--click=\"actions.scrollIntoView\" data-wp-text=\"context.item.label\"><\/a><\/li>\n\t\t\t\t<\/template>\n\t\t\t\t<\/ul><\/div><div class=\"contact-form__error\" data-wp-class--show-errors=\"state.showSubmissionError\" data-wp-text=\"context.submissionError\" tabindex=\"-1\" data-wp-watch=\"callbacks.focusOnSubmissionError\"><\/div>\t\t<button type='submit' class='pushbutton-wide'>Envoyer<\/button>\t\t<input type='hidden' name='contact-form-id' value='1400' \/>\n\t\t<input type='hidden' name='action' value='grunion-contact-form' \/>\n\t\t<input type='hidden' name='contact-form-hash' value='9ff98843c01d42b6212a38af8785fff16c7eb875' \/>\n\t<\/p>\n<p style=\"display: none !important;\" class=\"akismet-fields-container\" data-prefix=\"ak_\"><label>&#916;<textarea name=\"ak_hp_textarea\" cols=\"45\" rows=\"8\" maxlength=\"100\"><\/textarea><\/label><input type=\"hidden\" id=\"ak_js_1\" name=\"ak_js\" value=\"124\"\/><script>document.getElementById( \"ak_js_1\" ).setAttribute( \"value\", ( new Date() ).getTime() );<\/script><\/p><\/form>\n<\/div>\n<\/div>\n<div class=\"jetpack-video-wrapper\"><iframe loading=\"lazy\" title=\"La Psycho Bio Acupressure\" width=\"767\" height=\"575\" src=\"https:\/\/www.youtube.com\/embed\/12qjSeJa9kg?feature=oembed\" frameborder=\"0\" allow=\"accelerometer; autoplay; clipboard-write; encrypted-media; gyroscope; picture-in-picture; web-share\" referrerpolicy=\"strict-origin-when-cross-origin\" allowfullscreen><\/iframe><\/div>\n","protected":false},"excerpt":{"rendered":"<p>Retrouver de l\u2019espace int\u00e9rieur \u2013 Psycho Bio Acupressure, EFT et TSBH (EMDR) \u00e0 Toulouse Quand le stress devient trop lourd Tu avances, tu g\u00e8res, tu &hellip; <\/p>\n","protected":false},"author":1,"featured_media":0,"parent":0,"menu_order":0,"comment_status":"closed","ping_status":"closed","template":"","meta":{"_monsterinsights_skip_tracking":false,"_monsterinsights_sitenote_active":false,"_monsterinsights_sitenote_note":"","_monsterinsights_sitenote_category":0,"footnotes":""},"class_list":["post-1400","page","type-page","status-publish","hentry"],"jetpack_sharing_enabled":true,"_links":{"self":[{"href":"https:\/\/harmonietoulouse.com\/index.php\/wp-json\/wp\/v2\/pages\/1400","targetHints":{"allow":["GET"]}}],"collection":[{"href":"https:\/\/harmonietoulouse.com\/index.php\/wp-json\/wp\/v2\/pages"}],"about":[{"href":"https:\/\/harmonietoulouse.com\/index.php\/wp-json\/wp\/v2\/types\/page"}],"author":[{"embeddable":true,"href":"https:\/\/harmonietoulouse.com\/index.php\/wp-json\/wp\/v2\/users\/1"}],"replies":[{"embeddable":true,"href":"https:\/\/harmonietoulouse.com\/index.php\/wp-json\/wp\/v2\/comments?post=1400"}],"version-history":[{"count":3,"href":"https:\/\/harmonietoulouse.com\/index.php\/wp-json\/wp\/v2\/pages\/1400\/revisions"}],"predecessor-version":[{"id":1406,"href":"https:\/\/harmonietoulouse.com\/index.php\/wp-json\/wp\/v2\/pages\/1400\/revisions\/1406"}],"wp:attachment":[{"href":"https:\/\/harmonietoulouse.com\/index.php\/wp-json\/wp\/v2\/media?parent=1400"}],"curies":[{"name":"wp","href":"https:\/\/api.w.org\/{rel}","templated":true}]}}