{"id":1402,"date":"2026-01-13T20:05:39","date_gmt":"2026-01-13T19:05:39","guid":{"rendered":"https:\/\/harmonietoulouse.com\/?page_id=1402"},"modified":"2026-01-13T20:05:39","modified_gmt":"2026-01-13T19:05:39","slug":"enfants-et-emotions","status":"publish","type":"page","link":"https:\/\/harmonietoulouse.com\/index.php\/enfants-et-emotions\/","title":{"rendered":"Enfants et \u00e9motions"},"content":{"rendered":"<div dir=\"auto\" style=\"text-align: center;\">Accompagnement \u00e9motionnel des enfants \u00e0 Toulouse<\/div>\n<div dir=\"auto\"><\/div>\n<div dir=\"auto\" style=\"text-align: center;\"><img loading=\"lazy\" decoding=\"async\" class=\"alignnone  wp-image-1008\" src=\"https:\/\/harmonietoulouse.com\/wp-content\/uploads\/2022\/05\/rendre_enfant_heureux2-300x188.jpg\" alt=\"\" width=\"235\" height=\"147\" srcset=\"https:\/\/harmonietoulouse.com\/wp-content\/uploads\/2022\/05\/rendre_enfant_heureux2-300x188.jpg 300w, https:\/\/harmonietoulouse.com\/wp-content\/uploads\/2022\/05\/rendre_enfant_heureux2-1024x640.jpg 1024w, https:\/\/harmonietoulouse.com\/wp-content\/uploads\/2022\/05\/rendre_enfant_heureux2-768x480.jpg 768w, https:\/\/harmonietoulouse.com\/wp-content\/uploads\/2022\/05\/rendre_enfant_heureux2-1536x960.jpg 1536w, https:\/\/harmonietoulouse.com\/wp-content\/uploads\/2022\/05\/rendre_enfant_heureux2-1000x625.jpg 1000w, https:\/\/harmonietoulouse.com\/wp-content\/uploads\/2022\/05\/rendre_enfant_heureux2-480x300.jpg 480w, https:\/\/harmonietoulouse.com\/wp-content\/uploads\/2022\/05\/rendre_enfant_heureux2.jpg 1920w\" sizes=\"auto, (max-width: 235px) 100vw, 235px\" \/><\/div>\n<div dir=\"auto\"><\/div>\n<div dir=\"auto\" style=\"text-align: center;\"><strong>Quand les \u00e9motions d\u00e9bordent chez l\u2019enfant<\/strong><\/div>\n<div dir=\"auto\"><\/div>\n<div dir=\"auto\" style=\"text-align: center;\">Un enfant n\u2019exprime pas toujours ce qu\u2019il ressent avec des mots.<\/div>\n<div dir=\"auto\"><\/div>\n<div dir=\"auto\" style=\"text-align: center;\">Les \u00e9motions peuvent se manifester par :<\/div>\n<div dir=\"auto\"><\/div>\n<div dir=\"auto\" style=\"text-align: center;\"><em>col\u00e8res fr\u00e9quentes<\/em><\/div>\n<div dir=\"auto\" style=\"text-align: center;\"><em>peurs<\/em><\/div>\n<div dir=\"auto\" style=\"text-align: center;\"><em>troubles du sommeil<\/em><\/div>\n<div dir=\"auto\" style=\"text-align: center;\"><em>agitation ou repli<\/em><\/div>\n<div dir=\"auto\" style=\"text-align: center;\"><em>difficult\u00e9s \u00e0 l\u2019\u00e9cole<\/em><\/div>\n<div dir=\"auto\"><\/div>\n<div dir=\"auto\" style=\"text-align: center;\"><strong>\u00a0Le corps de l\u2019enfant parle souvent \u00e0 la place des mots.<\/strong><\/div>\n<div dir=\"auto\"><\/div>\n<div dir=\"auto\" style=\"text-align: center;\">Une approche douce et respectueuse<\/div>\n<div dir=\"auto\"><\/div>\n<div dir=\"auto\" style=\"text-align: center;\">J\u2019accompagne les enfants avec une approche adapt\u00e9e, respectueuse et s\u00e9curisante.<\/div>\n<div dir=\"auto\"><\/div>\n<div dir=\"auto\" style=\"text-align: center;\">La Psycho Bio Acupressure permet de :<\/div>\n<div dir=\"auto\"><\/div>\n<div dir=\"auto\" style=\"text-align: center;\"><em>lib\u00e9rer les charges \u00e9motionnelles<\/em><\/div>\n<div dir=\"auto\" style=\"text-align: center;\"><em>apaiser le syst\u00e8me nerveux<\/em><\/div>\n<div dir=\"auto\" style=\"text-align: center;\"><em>soutenir l\u2019enfant sans le forcer \u00e0 expliquer<\/em><\/div>\n<div dir=\"auto\"><\/div>\n<div dir=\"auto\" style=\"text-align: center;\">Les s\u00e9ances se d\u00e9roulent dans la douceur, en tenant compte de l\u2019\u00e2ge et du rythme de l\u2019enfant.<\/div>\n<div dir=\"auto\"><\/div>\n<div dir=\"auto\" style=\"text-align: center;\"><strong>Pour les parents<\/strong><\/div>\n<div dir=\"auto\"><\/div>\n<div dir=\"auto\" style=\"text-align: center;\">L\u2019objectif n\u2019est pas de \u201cchanger\u201d l\u2019enfant, mais de :<\/div>\n<div dir=\"auto\"><\/div>\n<div dir=\"auto\" style=\"text-align: center;\"><em>lui permettre de se sentir en s\u00e9curit\u00e9<\/em><\/div>\n<div dir=\"auto\" style=\"text-align: center;\"><em>l\u2019aider \u00e0 traverser ses \u00e9motions<\/em><\/div>\n<div dir=\"auto\" style=\"text-align: center;\"><em>soutenir son \u00e9quilibre \u00e9motionnel<\/em><\/div>\n<div dir=\"auto\"><\/div>\n<div dir=\"auto\">\n<blockquote><p><em><strong>\u00ab\u00a0Nelly Marteaud nous suit depuis maintenant 2 ans, moi et mes deux enfants et c&rsquo;est la m\u00e9thode que j&rsquo;ai trouv\u00e9 la plus efficace pour nous aider dans les maux du quotidien., psycho, affectifs, physiques etc&#8230; Mon fils de 8 ans r\u00e9clame les petits points de Nelly pour les cauchemars, l&rsquo;angoisse de la rentr\u00e9e etc&#8230; Il dort mieux, mange mieux, ce sent mieux&#8230;. Et ma petite de 2 ans a eu sa premi\u00e8re s\u00e9ance \u00e0 3 mois et nous avons r\u00e9gl\u00e9 tous ces petits tracas d\u00e9 b\u00e9b\u00e9 avec seulement 2 s\u00e9ances : constipation, refus de boire de l&rsquo;eau&#8230; Avec un r\u00e9sultat ultra rapide Pour moi, c&rsquo;est une tr\u00e8s bonne alternative aux s\u00e9ances psy. Cela me correspond beaucoup mieux et m&rsquo;aide beaucoup plus. Bref, je recommande Le cabinet est tr\u00e8s agr\u00e9able et totalement adapt\u00e9 aux enfants et b\u00e9b\u00e9s. Nelly Marteaud est tr\u00e8s douce, sa m\u00e9thode aussi.\u00a0\u00bb C\u00e9lia (7 novembre 2019)<\/strong><\/em><\/p><\/blockquote>\n<\/div>\n<div dir=\"auto\"><\/div>\n<div dir=\"auto\" style=\"text-align: center;\">\u00a0Consultations enfants \u00e0 Toulouse<\/div>\n<div dir=\"auto\" style=\"text-align: center;\">J\u2019accueille les enfants accompagn\u00e9s de leurs parents, dans un cadre bienveillant.<\/div>\n<div dir=\"auto\" style=\"text-align: center;\">\u00a0N\u2019h\u00e9site pas \u00e0 me contacter pour \u00e9changer sur la situation de ton enfant.<\/div>\n<div dir=\"auto\"><\/div>\n<div dir=\"auto\">\n<div data-test='contact-form'\n\t\t\tid='contact-form-1402'\n\t\t\tclass='jetpack-contact-form-container '\n\t\t\tdata-wp-interactive='jetpack\/form' data-wp-context='{\"formId\":\"1402\",\"formHash\":\"510dec27c3707e9d60883367e5c9a0c52ff809e0\",\"showErrors\":false,\"errors\":[],\"fields\":[],\"isMultiStep\":false,\"useAjax\":true,\"submissionData\":null,\"formattedSubmissionData\":[],\"submissionSuccess\":false,\"submissionError\":null,\"elementId\":\"jp-form-510dec27c3707e9d60883367e5c9a0c52ff809e0\",\"isSingleInputForm\":false,\"isForcedHorizontal\":false}'\n\t\t\tdata-wp-watch--scroll-to-wrapper=\"callbacks.scrollToWrapper\"\n\t\t>\n<div class=\"contact-form-submission contact-form-ajax-submission\" data-wp-bind--aria-hidden=\"state.isSuccessMessageAriaHidden\" data-wp-class--submission-success=\"context.submissionSuccess\" id=\"contact-form-success-510dec27c3707e9d60883367e5c9a0c52ff809e0\" tabindex=\"-1\" aria-labelledby=\"contact-form-success-header-510dec27c3707e9d60883367e5c9a0c52ff809e0\"><p class=\"go-back-message\"><a class=\"link\" role=\"button\" tabindex=\"0\" data-wp-on--click=\"actions.goBack\" href=\"\/index.php\/wp-json\/wp\/v2\/pages\/1402\">\u2190 Retour<\/a><\/p><h4 data-wp-bind--aria-hidden=\"state.isSuccessMessageAriaHidden\" id=\"contact-form-success-header-510dec27c3707e9d60883367e5c9a0c52ff809e0\">Merci pour votre r\u00e9ponse. \u2728<\/h4>\n\n<template data-wp-each--submission=\"context.formattedSubmissionData\">\n\t\t\t\t\t<div class=\"jetpack_forms_contact-form-success-summary\">\n\t\t\t\t\t\t<div class=\"field-name-wrapper\">\n\t\t\t\t\t\t\t<div class=\"field-type-icon\" data-wp-watch=\"callbacks.watchFieldTypeIcon\"><\/div>\n\t\t\t\t\t\t\t<div class=\"field-name\" data-wp-text=\"context.submission.label\" data-wp-bind--hidden=\"!context.submission.label\"><\/div>\n\t\t\t\t\t\t<\/div>\n\t\t\t\t\t\t<div class=\"field-value\" data-wp-text=\"context.submission.value\" data-wp-bind--hidden=\"!context.submission.showPlainValue\"><\/div>\n\t\t\t\t\t\t<a class=\"field-url\" data-wp-bind--href=\"context.submission.url\" data-wp-text=\"context.submission.value\" data-wp-bind--hidden=\"!context.submission.url\" target=\"_blank\" rel=\"noopener noreferrer\"><\/a>\n\t\t\t\t\t\t<div class=\"field-rating\" data-wp-bind--hidden=\"!context.submission.rating\" data-wp-watch=\"callbacks.watchRatingIcons\"><\/div>\n\t\t\t\t\t\t<div class=\"field-images\" data-wp-bind--hidden=\"!context.submission.images\">\n\t\t\t\t\t\t\t<template data-wp-each--image=\"context.submission.images\">\n\t\t\t\t\t\t\t\t<div class=\"field-image-option\" data-wp-class--is-empty=\"!context.image.src\">\n\t\t\t\t\t\t\t\t\t<figure class=\"field-image-option__image\" data-wp-class--is-empty=\"!context.image.src\">\n\t\t\t\t\t\t\t\t\t\t<img data-wp-bind--src=\"context.image.src\" data-wp-bind--hidden=\"!context.image.src\" \/>\n\t\t\t\t\t\t\t\t\t\t<img decoding=\"async\" src=\"data:image\/gif;base64,R0lGODlhAQABAAD\/ACwAAAAAAQABAAACADs=\" data-wp-bind--hidden=\"context.image.src\" \/>\n\t\t\t\t\t\t\t\t\t<\/figure>\n\t\t\t\t\t\t\t\t\t<div class=\"field-image-option__label-wrapper\">\n\t\t\t\t\t\t\t\t\t\t<span class=\"field-image-option__label-code\" data-wp-text=\"context.image.letterCode\"><\/span>\n\t\t\t\t\t\t\t\t\t\t<span class=\"field-image-option__label\" data-wp-text=\"context.image.label\" data-wp-bind--hidden=\"!context.image.label\"><\/span>\n\t\t\t\t\t\t\t\t\t<\/div>\n\t\t\t\t\t\t\t\t<\/div>\n\t\t\t\t\t\t\t<\/template>\n\t\t\t\t\t\t<\/div>\n\t\t\t\t\t\t<div class=\"field-files\" data-wp-bind--hidden=\"!context.submission.files\">\n\t\t\t\t\t\t\t<template data-wp-each--file=\"context.submission.files\">\n\t\t\t\t\t\t\t\t<div class=\"field-file\">\n\t\t\t\t\t\t\t\t\t<div class=\"field-file__thumbnail\" data-wp-style--background-image=\"context.file.previewUrl\" data-wp-style--mask-image=\"context.file.iconUrl\" data-wp-bind--hidden=\"!context.file.hasPreview\"><\/div>\n\t\t\t\t\t\t\t\t\t<svg class=\"field-file__icon\" data-wp-bind--hidden=\"context.file.hasPreview\" width=\"20\" height=\"20\" viewBox=\"0 0 24 24\" fill=\"none\" xmlns=\"http:\/\/www.w3.org\/2000\/svg\" aria-hidden=\"true\">\n\t\t\t\t\t\t\t\t\t\t<path d=\"M14 2H6C4.9 2 4 2.9 4 4V20C4 21.1 4.89 22 5.99 22H18C19.1 22 20 21.1 20 20V8L14 2ZM18 20H6V4H13V9H18V20Z\" fill=\"currentColor\"\/>\n\t\t\t\t\t\t\t\t\t<\/svg>\n\t\t\t\t\t\t\t\t\t<span class=\"field-file__name\" data-wp-text=\"context.file.name\"><\/span>\n\t\t\t\t\t\t\t\t\t<span class=\"field-file__size\" data-wp-text=\"context.file.size\"><\/span>\n\t\t\t\t\t\t\t\t<\/div>\n\t\t\t\t\t\t\t<\/template>\n\t\t\t\t\t\t<\/div>\n\t\t\t\t\t<\/div>\n\t\t\t\t<\/template><\/div><form action='https:\/\/harmonietoulouse.com\/index.php\/enfants-et-emotions\/'\n\t\t\t\tid='jp-form-510dec27c3707e9d60883367e5c9a0c52ff809e0'\n\t\t\t\tmethod='post'\n\t\t\t\tclass='contact-form commentsblock jetpack-contact-form__form has-no-jetpack-form-layout' aria-label=\"Enfants et \u00e9motions\"\n\t\t\t\tdata-wp-on--submit=\"actions.onFormSubmit\"\n\t\t\t\tdata-wp-on--reset=\"actions.onFormReset\"\n\t\t\t\tdata-wp-class--submission-success=\"context.submissionSuccess\"\n\t\t\t\tdata-wp-class--is-first-step=\"state.isFirstStep\"\n\t\t\t\tdata-wp-class--is-last-step=\"state.isLastStep\"\n\t\t\t\tdata-wp-class--is-ajax-form=\"context.useAjax\"\n\t\t\t\tnovalidate >\n<input type='hidden' name='jetpack_contact_form_jwt' value='eyJ0eXAiOiJKV1QiLCJhbGciOiJIUzI1NiJ9.eyJlbmNyeXB0ZWRfYXR0cmlidXRlcyI6ImxjeE1MV0xnT0liS1RRL2ltMlU2STI1Vm4wK29lazUydUFzMkNXa213UWNULy9BNFV4RCt2ck9YNDV0eGl1U1hCaks5NmVucmFpdG9OL2VzRTMrNlQ3cHFmbFc1M2lQWFh3UmJFRnVOenhOdkNPcHVaMFp5RVQ3Q2FyWXlWU0xWeVhsdUtvWVB1L2oyQ0MxU2phMUFwV2REamp4azRZb2JnZ0tyZVEzUXpkSmsxV2NKSzdMRTJ2VHE4YlNJdWJUNk1hUjFmUlZlYklGOWhkM3pmT0ZLakhvRzMwSGVWbnF3MUxleFVGRjNEUGhnRnE1b2M1OXlWd21XcEliYTJJRGVjeGZBcDYxMUplMHg2cjFTaGhDMDNwVmZrK1BESm5HaE1PTWYxY2dPU3dmcjB5TmRKVVpsT2ExTDRNRUlnemYvWDNHN2NxTnB5UDAzTXRqN1ZqK3psMHpzOTBWT1Zha3Y0S01HYmR6enNDU282VVA0NnFtOGxYdnl0YThrbkx4bkh6RkNxeFdrL2pncUd5NFBPVTh3SXdiUVBvUFVKbUMxbnNkQS9rRWFXQnd0VW5ib2llS0FFV1hiTGV0SkptV092SFdZMGxKQTdjRGJWTXA2OTBHSVJ3QU81eU82cU9qMkNSYTBEVGZMTytpSTIrOE5jd3U1R3BWejYxRWZrUjRUU1VTNloyNGJadWQwMmR0aHNtVlNQWkd5cEdzWmtQZUpmRElUYzJrNnZ2UHVCa2tZK0tOcXFINVJxSEwrR1cvMDNSREJnYUZmZTAxK2hlZG5zbU5oTEtMeHFHdjFsYXRiWURCU3BkeVJDYiticnBBWTk1Yk1oQXhQQm4yRHFDbTRHb2hRbVkzdEJIRis0dkR2aUovSkozSzIwWnl5QkNQemJMQlVMM2NkcGZKSzRGaWFLTDZHMXdobHFwMTN3cUk5aFc5ZVNObmJVZ0U1eC96SVRISDc4SVo5OHEwUXR6bEJDdGxYV3hlaWh5RzBUcW9sZ01obmY0L0hlUXlJWWU1YTcyMk5IaXBSL2hmcVFjYWFncXd4L0ZBVDlZb3hRbkV1TDEwaGttNTVtbXdXVVZjUVNvdnBFRHBuRFhlSWJjWlZkbnhScVVSeitMNTNkbjRZSTF5UnRrMTFIRThKaVdLdkt6Y1BTYXFzSHcyQks5a3Bwd1ZyRjBiQ0duZ1I2SVhBdWlUemxjQldGa1libkNOQldGUXNFdjBoSXBwN1JnOEtFZThIcWxMalNhbmlMNU1NbTR3NlpiU2JIb3hPRUQxRDJWb0I0ZXFzeEM0OFdhd0k0WStIMUp2KzZYZmVmQXFJM1huMWRYeHludFZvNDdwYyIsImNvbnRlbnQiOiJbY29udGFjdC1maWVsZCBsYWJlbD1cIk5vbVwiIHR5cGU9XCJuYW1lXCIgIHJlcXVpcmVkPVwidHJ1ZVwiIC9dW2NvbnRhY3QtZmllbGQgbGFiZWw9XCJFLW1haWxcIiB0eXBlPVwiZW1haWxcIiByZXF1aXJlZD1cInRydWVcIiAvXVtjb250YWN0LWZpZWxkIGxhYmVsPVwiU2l0ZSB3ZWJcIiB0eXBlPVwidXJsXCIgL11bY29udGFjdC1maWVsZCBsYWJlbD1cIk1lc3NhZ2VcIiB0eXBlPVwidGV4dGFyZWFcIiAvXSIsImhhc2giOiI1MTBkZWMyN2MzNzA3ZTlkNjA4ODMzNjdlNWM5YTBjNTJmZjgwOWUwIiwic291cmNlIjp7ImVudHJ5X3RpdGxlIjoiRW5mYW50cyBldCBcdTAwZTltb3Rpb25zIiwiZW50cnlfcGFnZSI6MSwic291cmNlX2lkIjoxNDAyLCJzb3VyY2VfdHlwZSI6InNpbmdsZSIsInJlcXVlc3RfdXJsIjoiaHR0cHM6Ly9oYXJtb25pZXRvdWxvdXNlLmNvbS93cC1qc29uL3dwL3YyL3BhZ2VzLzE0MDIifSwidmVyc2lvbiI6MiwiY2lwaGVyIjoiYWVzLTI1Ni1nY20ifQ.3kqyzOs2yNnFSqu0kyW8IO_nKtL_7SHR_6kXx5tX7bQ' \/>\n\n<div style=\"\"  data-wp-interactive=\"jetpack\/form\" data-wp-context='{\"fieldId\":\"g1402-nom\",\"fieldType\":\"name\",\"fieldLabel\":\"Nom\",\"fieldValue\":\"\",\"fieldPlaceholder\":\"\",\"fieldIsRequired\":\"1\",\"fieldErrorMessage\":\"\",\"fieldExtra\":[],\"formHash\":\"510dec27c3707e9d60883367e5c9a0c52ff809e0\"}'  class='grunion-field-name-wrap grunion-field-wrap'  data-wp-init='callbacks.initializeField' data-wp-on--jetpack-form-reset='callbacks.initializeField' >\n<label\n\t\t\t\tfor='g1402-nom' class=\"grunion-field-label name\" >Nom<span class=\"grunion-label-required\" aria-hidden=\"true\">(obligatoire)<\/span><\/label>\n<input\n\t\t\t\t\ttype='text'\n\t\t\t\t\tname='g1402-nom'\n\t\t\t\t\tid='g1402-nom'\n\t\t\t\t\tvalue=''\n\n\t\t\t\t\tdata-wp-bind--aria-invalid='state.fieldAriaInvalid'\n\t\t\t\t\tdata-wp-bind--value='state.getFieldValue'\n\t\t\t\t\taria-describedby='g1402-nom-text-error-message'\n\t\t\t\t\tdata-wp-on--input='actions.onFieldChange'\n\t\t\t\t\tdata-wp-on--blur='actions.onFieldBlur'\n\t\t\t\t\tdata-wp-class--has-value='state.hasFieldValue'\n\n\t\t\t\t\tclass='name  grunion-field' \n\t\t\t\t\trequired='true' aria-required='true'  \/>\n \n\t\t\t<div id=\"g1402-nom-text-error\" class=\"contact-form__input-error\" data-wp-class--has-errors=\"state.fieldHasErrors\">\n\t\t\t\t<span class=\"contact-form__warning-icon\" aria-hidden=\"true\">\n\t\t\t\t\t<svg width=\"16\" height=\"16\" viewBox=\"0 0 16 16\" fill=\"none\" xmlns=\"http:\/\/www.w3.org\/2000\/svg\">\n\t\t\t\t\t\t<path d=\"M8.50015 11.6402H7.50015V10.6402H8.50015V11.6402Z\" \/>\n\t\t\t\t\t\t<path d=\"M7.50015 9.64018H8.50015V6.30684H7.50015V9.64018Z\" \/>\n\t\t\t\t\t\t<path fill-rule=\"evenodd\" clip-rule=\"evenodd\" d=\"M6.98331 3.0947C7.42933 2.30177 8.57096 2.30177 9.01698 3.09469L13.8771 11.7349C14.3145 12.5126 13.7525 13.4735 12.8602 13.4735H3.14004C2.24774 13.4735 1.68575 12.5126 2.12321 11.7349L6.98331 3.0947ZM8.14541 3.58496C8.08169 3.47168 7.9186 3.47168 7.85488 3.58496L2.99478 12.2251C2.93229 12.3362 3.01257 12.4735 3.14004 12.4735H12.8602C12.9877 12.4735 13.068 12.3362 13.0055 12.2251L8.14541 3.58496Z\" \/>\n\t\t\t\t\t<\/svg>\n\t\t\t\t<\/span>\n\t\t\t\t<span data-wp-text=\"state.errorMessage\" id=\"g1402-nom-text-error-message\"><\/span>\n\t\t\t<\/div> \n\t<\/div>\n\n<div style=\"\"  data-wp-interactive=\"jetpack\/form\" data-wp-context='{\"fieldId\":\"g1402-email\",\"fieldType\":\"email\",\"fieldLabel\":\"E-mail\",\"fieldValue\":\"\",\"fieldPlaceholder\":\"\",\"fieldIsRequired\":\"1\",\"fieldErrorMessage\":\"\",\"fieldExtra\":[],\"formHash\":\"510dec27c3707e9d60883367e5c9a0c52ff809e0\"}'  class='grunion-field-email-wrap grunion-field-wrap'  data-wp-init='callbacks.initializeField' data-wp-on--jetpack-form-reset='callbacks.initializeField' >\n<label\n\t\t\t\tfor='g1402-email' class=\"grunion-field-label email\" >E-mail<span class=\"grunion-label-required\" aria-hidden=\"true\">(obligatoire)<\/span><\/label>\n<input\n\t\t\t\t\ttype='email'\n\t\t\t\t\tname='g1402-email'\n\t\t\t\t\tid='g1402-email'\n\t\t\t\t\tvalue=''\n\n\t\t\t\t\tdata-wp-bind--aria-invalid='state.fieldAriaInvalid'\n\t\t\t\t\tdata-wp-bind--value='state.getFieldValue'\n\t\t\t\t\taria-describedby='g1402-email-email-error-message'\n\t\t\t\t\tdata-wp-on--input='actions.onFieldChange'\n\t\t\t\t\tdata-wp-on--blur='actions.onFieldBlur'\n\t\t\t\t\tdata-wp-class--has-value='state.hasFieldValue'\n\n\t\t\t\t\tclass='email  grunion-field' \n\t\t\t\t\trequired='true' aria-required='true'  \/>\n \n\t\t\t<div id=\"g1402-email-email-error\" class=\"contact-form__input-error\" data-wp-class--has-errors=\"state.fieldHasErrors\">\n\t\t\t\t<span class=\"contact-form__warning-icon\" aria-hidden=\"true\">\n\t\t\t\t\t<svg width=\"16\" height=\"16\" viewBox=\"0 0 16 16\" fill=\"none\" xmlns=\"http:\/\/www.w3.org\/2000\/svg\">\n\t\t\t\t\t\t<path d=\"M8.50015 11.6402H7.50015V10.6402H8.50015V11.6402Z\" \/>\n\t\t\t\t\t\t<path d=\"M7.50015 9.64018H8.50015V6.30684H7.50015V9.64018Z\" \/>\n\t\t\t\t\t\t<path fill-rule=\"evenodd\" clip-rule=\"evenodd\" d=\"M6.98331 3.0947C7.42933 2.30177 8.57096 2.30177 9.01698 3.09469L13.8771 11.7349C14.3145 12.5126 13.7525 13.4735 12.8602 13.4735H3.14004C2.24774 13.4735 1.68575 12.5126 2.12321 11.7349L6.98331 3.0947ZM8.14541 3.58496C8.08169 3.47168 7.9186 3.47168 7.85488 3.58496L2.99478 12.2251C2.93229 12.3362 3.01257 12.4735 3.14004 12.4735H12.8602C12.9877 12.4735 13.068 12.3362 13.0055 12.2251L8.14541 3.58496Z\" \/>\n\t\t\t\t\t<\/svg>\n\t\t\t\t<\/span>\n\t\t\t\t<span data-wp-text=\"state.errorMessage\" id=\"g1402-email-email-error-message\"><\/span>\n\t\t\t<\/div> \n\t<\/div>\n\n<div style=\"\"  data-wp-interactive=\"jetpack\/form\" data-wp-context='{\"fieldId\":\"g1402-siteweb\",\"fieldType\":\"url\",\"fieldLabel\":\"Site web\",\"fieldValue\":\"\",\"fieldPlaceholder\":\"\",\"fieldIsRequired\":\"\",\"fieldErrorMessage\":\"\",\"fieldExtra\":[],\"formHash\":\"510dec27c3707e9d60883367e5c9a0c52ff809e0\"}'  class='grunion-field-url-wrap grunion-field-wrap'  data-wp-init='callbacks.initializeField' data-wp-on--jetpack-form-reset='callbacks.initializeField' >\n<label\n\t\t\t\tfor='g1402-siteweb' class=\"grunion-field-label url\" >Site web<\/label>\n<input\n\t\t\t\t\ttype='text'\n\t\t\t\t\tname='g1402-siteweb'\n\t\t\t\t\tid='g1402-siteweb'\n\t\t\t\t\tvalue=''\n\n\t\t\t\t\tdata-wp-bind--aria-invalid='state.fieldAriaInvalid'\n\t\t\t\t\tdata-wp-bind--value='state.getFieldValue'\n\t\t\t\t\taria-describedby='g1402-siteweb-text-error-message'\n\t\t\t\t\tdata-wp-on--input='actions.onFieldChange'\n\t\t\t\t\tdata-wp-on--blur='actions.onFieldBlur'\n\t\t\t\t\tdata-wp-class--has-value='state.hasFieldValue'\n\n\t\t\t\t\tclass='url  grunion-field' \n\t\t\t\t\t \/>\n \n\t\t\t<div id=\"g1402-siteweb-text-error\" class=\"contact-form__input-error\" data-wp-class--has-errors=\"state.fieldHasErrors\">\n\t\t\t\t<span class=\"contact-form__warning-icon\" aria-hidden=\"true\">\n\t\t\t\t\t<svg width=\"16\" height=\"16\" viewBox=\"0 0 16 16\" fill=\"none\" xmlns=\"http:\/\/www.w3.org\/2000\/svg\">\n\t\t\t\t\t\t<path d=\"M8.50015 11.6402H7.50015V10.6402H8.50015V11.6402Z\" \/>\n\t\t\t\t\t\t<path d=\"M7.50015 9.64018H8.50015V6.30684H7.50015V9.64018Z\" \/>\n\t\t\t\t\t\t<path fill-rule=\"evenodd\" clip-rule=\"evenodd\" d=\"M6.98331 3.0947C7.42933 2.30177 8.57096 2.30177 9.01698 3.09469L13.8771 11.7349C14.3145 12.5126 13.7525 13.4735 12.8602 13.4735H3.14004C2.24774 13.4735 1.68575 12.5126 2.12321 11.7349L6.98331 3.0947ZM8.14541 3.58496C8.08169 3.47168 7.9186 3.47168 7.85488 3.58496L2.99478 12.2251C2.93229 12.3362 3.01257 12.4735 3.14004 12.4735H12.8602C12.9877 12.4735 13.068 12.3362 13.0055 12.2251L8.14541 3.58496Z\" \/>\n\t\t\t\t\t<\/svg>\n\t\t\t\t<\/span>\n\t\t\t\t<span data-wp-text=\"state.errorMessage\" id=\"g1402-siteweb-text-error-message\"><\/span>\n\t\t\t<\/div> \n\t<\/div>\n\n<div style=\"\"  data-wp-interactive=\"jetpack\/form\" data-wp-context='{\"fieldId\":\"g1402-message\",\"fieldType\":\"textarea\",\"fieldLabel\":\"Message\",\"fieldValue\":\"\",\"fieldPlaceholder\":\"\",\"fieldIsRequired\":\"\",\"fieldErrorMessage\":\"\",\"fieldExtra\":[],\"formHash\":\"510dec27c3707e9d60883367e5c9a0c52ff809e0\"}'  class='grunion-field-textarea-wrap grunion-field-wrap'  data-wp-init='callbacks.initializeField' data-wp-on--jetpack-form-reset='callbacks.initializeField' >\n<label\n\t\t\t\tfor='contact-form-comment-g1402-message' class=\"grunion-field-label textarea\" >Message<\/label>\n<textarea\n\t\t                style=''\n\t\t                name='g1402-message'\n\t\t                id='contact-form-comment-g1402-message'\n\t\t                rows='20'\n\t\t\t\t\t\tdata-wp-text='state.getFieldValue'\n\t\t\t\t\t\tdata-wp-on--input='actions.onFieldChange'\n\t\t\t\t\t\tdata-wp-on--blur='actions.onFieldBlur'\n\t\t\t\t\t\tdata-wp-class--has-value='state.hasFieldValue'\n\t\t\t\t\t\taria-describedby='g1402-message-textarea-error-message'\n\t\t\t\t\t\tdata-wp-bind--aria-invalid='state.fieldAriaInvalid'\n\t\t\t\t\t\tclass='textarea  grunion-field'  ><\/textarea>\n \n\t\t\t<div id=\"g1402-message-textarea-error\" class=\"contact-form__input-error\" data-wp-class--has-errors=\"state.fieldHasErrors\">\n\t\t\t\t<span class=\"contact-form__warning-icon\" aria-hidden=\"true\">\n\t\t\t\t\t<svg width=\"16\" height=\"16\" viewBox=\"0 0 16 16\" fill=\"none\" xmlns=\"http:\/\/www.w3.org\/2000\/svg\">\n\t\t\t\t\t\t<path d=\"M8.50015 11.6402H7.50015V10.6402H8.50015V11.6402Z\" \/>\n\t\t\t\t\t\t<path d=\"M7.50015 9.64018H8.50015V6.30684H7.50015V9.64018Z\" \/>\n\t\t\t\t\t\t<path fill-rule=\"evenodd\" clip-rule=\"evenodd\" d=\"M6.98331 3.0947C7.42933 2.30177 8.57096 2.30177 9.01698 3.09469L13.8771 11.7349C14.3145 12.5126 13.7525 13.4735 12.8602 13.4735H3.14004C2.24774 13.4735 1.68575 12.5126 2.12321 11.7349L6.98331 3.0947ZM8.14541 3.58496C8.08169 3.47168 7.9186 3.47168 7.85488 3.58496L2.99478 12.2251C2.93229 12.3362 3.01257 12.4735 3.14004 12.4735H12.8602C12.9877 12.4735 13.068 12.3362 13.0055 12.2251L8.14541 3.58496Z\" \/>\n\t\t\t\t\t<\/svg>\n\t\t\t\t<\/span>\n\t\t\t\t<span data-wp-text=\"state.errorMessage\" id=\"g1402-message-textarea-error-message\"><\/span>\n\t\t\t<\/div>\n\t<\/div>\n\t<p class='contact-submit'>\n<div class=\"contact-form__error\" data-wp-class--show-errors=\"state.showFormErrors\"><span class=\"contact-form__warning-icon\" aria-hidden=\"true\"><i><\/i><\/span><span class=\"contact-form__error-message\" tabindex=\"-1\" data-wp-watch=\"callbacks.focusOnValidationError\" data-wp-text=\"state.getFormErrorMessage\"><\/span><ul aria-label=\"Erreurs de formulaire\">\n\t\t\t\t<template data-wp-each=\"state.getErrorList\" data-wp-key=\"context.item.id\">\n\t\t\t\t\t<li><a data-wp-bind--href=\"context.item.anchor\" data-wp-on--click=\"actions.scrollIntoView\" data-wp-text=\"context.item.label\"><\/a><\/li>\n\t\t\t\t<\/template>\n\t\t\t\t<\/ul><\/div><div class=\"contact-form__error\" data-wp-class--show-errors=\"state.showSubmissionError\" data-wp-text=\"context.submissionError\" tabindex=\"-1\" data-wp-watch=\"callbacks.focusOnSubmissionError\"><\/div>\t\t<button type='submit' class='pushbutton-wide'>Envoyer<\/button>\t\t<input type='hidden' name='contact-form-id' value='1402' \/>\n\t\t<input type='hidden' name='action' value='grunion-contact-form' \/>\n\t\t<input type='hidden' name='contact-form-hash' value='510dec27c3707e9d60883367e5c9a0c52ff809e0' \/>\n\t<\/p>\n<p style=\"display: none !important;\" class=\"akismet-fields-container\" data-prefix=\"ak_\"><label>&#916;<textarea name=\"ak_hp_textarea\" cols=\"45\" rows=\"8\" maxlength=\"100\"><\/textarea><\/label><input type=\"hidden\" id=\"ak_js_1\" name=\"ak_js\" value=\"0\"\/><script>document.getElementById( \"ak_js_1\" ).setAttribute( \"value\", ( new Date() ).getTime() );<\/script><\/p><\/form>\n<\/div>\n<\/div>\n","protected":false},"excerpt":{"rendered":"<p>Accompagnement \u00e9motionnel des enfants \u00e0 Toulouse Quand les \u00e9motions d\u00e9bordent chez l\u2019enfant Un enfant n\u2019exprime pas toujours ce qu\u2019il ressent avec des mots. Les \u00e9motions &hellip; <\/p>\n","protected":false},"author":1,"featured_media":0,"parent":0,"menu_order":0,"comment_status":"closed","ping_status":"closed","template":"","meta":{"_monsterinsights_skip_tracking":false,"_monsterinsights_sitenote_active":false,"_monsterinsights_sitenote_note":"","_monsterinsights_sitenote_category":0,"footnotes":""},"class_list":["post-1402","page","type-page","status-publish","hentry"],"jetpack_sharing_enabled":true,"_links":{"self":[{"href":"https:\/\/harmonietoulouse.com\/index.php\/wp-json\/wp\/v2\/pages\/1402","targetHints":{"allow":["GET"]}}],"collection":[{"href":"https:\/\/harmonietoulouse.com\/index.php\/wp-json\/wp\/v2\/pages"}],"about":[{"href":"https:\/\/harmonietoulouse.com\/index.php\/wp-json\/wp\/v2\/types\/page"}],"author":[{"embeddable":true,"href":"https:\/\/harmonietoulouse.com\/index.php\/wp-json\/wp\/v2\/users\/1"}],"replies":[{"embeddable":true,"href":"https:\/\/harmonietoulouse.com\/index.php\/wp-json\/wp\/v2\/comments?post=1402"}],"version-history":[{"count":1,"href":"https:\/\/harmonietoulouse.com\/index.php\/wp-json\/wp\/v2\/pages\/1402\/revisions"}],"predecessor-version":[{"id":1403,"href":"https:\/\/harmonietoulouse.com\/index.php\/wp-json\/wp\/v2\/pages\/1402\/revisions\/1403"}],"wp:attachment":[{"href":"https:\/\/harmonietoulouse.com\/index.php\/wp-json\/wp\/v2\/media?parent=1402"}],"curies":[{"name":"wp","href":"https:\/\/api.w.org\/{rel}","templated":true}]}}