{"id":2,"date":"2017-06-09T14:34:19","date_gmt":"2017-06-09T12:34:19","guid":{"rendered":"http:\/\/harmonietoulouse.com\/?page_id=2"},"modified":"2026-01-15T18:47:40","modified_gmt":"2026-01-15T17:47:40","slug":"acceuil-pba-et-access","status":"publish","type":"page","link":"https:\/\/harmonietoulouse.com\/","title":{"rendered":"Quand tu comprends ce qui ne va pas\u2026 mais que quelque chose bloque encore."},"content":{"rendered":"<h4 style=\"text-align: center;\">Quand tu comprends ce qui ne va pas\u2026 mais que quelque chose bloque encore.<\/h4>\n<p>&nbsp;<\/p>\n<p style=\"text-align: center;\">J\u2019accompagne adultes et enfants \u00e0 se lib\u00e9rer de blocages \u00e9motionnels profonds, en douceur,<\/p>\n<p style=\"text-align: center;\">sans revivre leur histoire, dans le respect total de leur rythme.<\/p>\n<p>&nbsp;<\/p>\n<p style=\"text-align: center;\">Ce n\u2019est pas un manque de volont\u00e9.<\/p>\n<p style=\"text-align: center;\"><br data-start=\"1090\" data-end=\"1093\" \/>Ce n\u2019est pas \u201cdans ta t\u00eate\u201d.<\/p>\n<p>&nbsp;<\/p>\n<p style=\"text-align: center;\" data-start=\"1657\" data-end=\"1727\">Tu comprends ce qui ne va pas\u2026<br data-start=\"1687\" data-end=\"1690\" \/>mais quelque chose bloque encore.<\/p>\n<p style=\"text-align: center;\" data-start=\"1734\" data-end=\"1791\">Tu as d\u00e9j\u00e0 essay\u00e9 de parler, de comprendre, d\u2019analyser.<\/p>\n<p style=\"text-align: center;\" data-start=\"1798\" data-end=\"1893\">Et pourtant, certaines \u00e9motions reviennent.<\/p>\n<p style=\"text-align: center;\" data-start=\"1798\" data-end=\"1893\"><br data-start=\"1841\" data-end=\"1844\" \/>Le stress persiste.<br data-start=\"1865\" data-end=\"1868\" \/>Le corps r\u00e9agit encore.<\/p>\n<p style=\"text-align: center;\" data-start=\"2200\" data-end=\"2307\">Souvent, le corps continue de porter des m\u00e9moires inconscientes,<br data-start=\"2264\" data-end=\"2267\" \/>m\u00eame quand le mental a d\u00e9j\u00e0 compris.<\/p>\n<p style=\"text-align: center;\" data-start=\"2314\" data-end=\"2394\">C\u2019est pour cela que certaines r\u00e9actions persistent, sans que tu saches pourquoi.<\/p>\n<p style=\"text-align: center;\" data-start=\"2314\" data-end=\"2394\"><em><strong>Une approche douce pour lib\u00e9rer ce qui n\u2019a plus besoin d\u2019\u00eatre port\u00e9.<\/strong><\/em><\/p>\n<p style=\"text-align: center;\" data-start=\"2314\" data-end=\"2394\">J\u2019accompagne les personnes qui souhaitent se lib\u00e9rer de blocages \u00e9motionnels profonds,<br data-start=\"3033\" data-end=\"3036\" \/>sans avoir \u00e0 revivre leur histoire,<br data-start=\"3073\" data-end=\"3076\" \/>dans un cadre s\u00e9curisant et respectueux de leur rythme.<\/p>\n<blockquote>\n<h4 style=\"text-align: center;\" data-start=\"2314\" data-end=\"2394\">\u00ab On ressent un apaisement psychique et physique et on redevient enfin soi-m\u00eame Nelly est bienveillante, chaleureuse et on se sent tout de suite en confiance. Je l\u2019ai recommand\u00e9e \u00e0 quelques amies qui, comme moi, ont \u00e9t\u00e9 enchant\u00e9es des r\u00e9sultats obtenus en tr\u00e8s peu de temps. \u00bb Danny 2022<\/h4>\n<p>&nbsp;<\/p>\n<p style=\"text-align: center;\">Et si on faisait le premier pas ensemble ?<\/p>\n<p>&nbsp;<\/p>\n<p style=\"text-align: center;\"><strong>Parfois, le simple fait de prendre contact est d\u00e9j\u00e0 un soulagement.<\/strong><\/p>\n<p>&nbsp;<\/p>\n<p style=\"text-align: center;\" data-start=\"3871\" data-end=\"3927\">J\u2019accompagne adultes et enfants en cabinet \u00e0 Toulouse.<\/p>\n<p style=\"text-align: center;\" data-start=\"3934\" data-end=\"4004\">Les s\u00e9ances sont adapt\u00e9es \u00e0 chacun, selon ses besoins et son rythme.<\/p>\n<p style=\"text-align: center;\" data-start=\"4011\" data-end=\"4091\">Tu peux me contacter via le formulaire<br data-start=\"4049\" data-end=\"4052\" \/>ou par t\u00e9l\u00e9phone au 07 60 39 58 41.<\/p>\n<p style=\"text-align: center;\" data-start=\"4098\" data-end=\"4180\">Je serai ravie d\u2019\u00e9changer avec toi et de voir si cet accompagnement te correspond.<\/p>\n<div data-test='contact-form'\n\t\t\tid='contact-form-2'\n\t\t\tclass='jetpack-contact-form-container '\n\t\t\tdata-wp-interactive='jetpack\/form' data-wp-context='{\"formId\":\"2\",\"formHash\":\"b2b163c6c98058528fc5f2589bd0701decc0ac11\",\"showErrors\":false,\"errors\":[],\"fields\":[],\"isMultiStep\":false,\"useAjax\":true,\"submissionData\":null,\"formattedSubmissionData\":[],\"submissionSuccess\":false,\"submissionError\":null,\"elementId\":\"jp-form-b2b163c6c98058528fc5f2589bd0701decc0ac11\",\"isSingleInputForm\":false,\"isForcedHorizontal\":false}'\n\t\t\tdata-wp-watch--scroll-to-wrapper=\"callbacks.scrollToWrapper\"\n\t\t>\n<div class=\"contact-form-submission contact-form-ajax-submission\" data-wp-bind--aria-hidden=\"state.isSuccessMessageAriaHidden\" data-wp-class--submission-success=\"context.submissionSuccess\" id=\"contact-form-success-b2b163c6c98058528fc5f2589bd0701decc0ac11\" tabindex=\"-1\" aria-labelledby=\"contact-form-success-header-b2b163c6c98058528fc5f2589bd0701decc0ac11\"><p class=\"go-back-message\"><a class=\"link\" role=\"button\" tabindex=\"0\" data-wp-on--click=\"actions.goBack\" href=\"\/index.php\/wp-json\/wp\/v2\/pages\/2\">\u2190 Retour<\/a><\/p><h4 data-wp-bind--aria-hidden=\"state.isSuccessMessageAriaHidden\" id=\"contact-form-success-header-b2b163c6c98058528fc5f2589bd0701decc0ac11\">Merci pour votre r\u00e9ponse. \u2728<\/h4>\n\n<template data-wp-each--submission=\"context.formattedSubmissionData\">\n\t\t\t\t\t<div class=\"jetpack_forms_contact-form-success-summary\">\n\t\t\t\t\t\t<div class=\"field-name-wrapper\">\n\t\t\t\t\t\t\t<div class=\"field-type-icon\" data-wp-watch=\"callbacks.watchFieldTypeIcon\"><\/div>\n\t\t\t\t\t\t\t<div class=\"field-name\" data-wp-text=\"context.submission.label\" data-wp-bind--hidden=\"!context.submission.label\"><\/div>\n\t\t\t\t\t\t<\/div>\n\t\t\t\t\t\t<div class=\"field-value\" data-wp-text=\"context.submission.value\" data-wp-bind--hidden=\"!context.submission.showPlainValue\"><\/div>\n\t\t\t\t\t\t<a class=\"field-url\" data-wp-bind--href=\"context.submission.url\" data-wp-text=\"context.submission.value\" data-wp-bind--hidden=\"!context.submission.url\" target=\"_blank\" rel=\"noopener noreferrer\"><\/a>\n\t\t\t\t\t\t<div class=\"field-rating\" data-wp-bind--hidden=\"!context.submission.rating\" data-wp-watch=\"callbacks.watchRatingIcons\"><\/div>\n\t\t\t\t\t\t<div class=\"field-images\" data-wp-bind--hidden=\"!context.submission.images\">\n\t\t\t\t\t\t\t<template data-wp-each--image=\"context.submission.images\">\n\t\t\t\t\t\t\t\t<div class=\"field-image-option\" data-wp-class--is-empty=\"!context.image.src\">\n\t\t\t\t\t\t\t\t\t<figure class=\"field-image-option__image\" data-wp-class--is-empty=\"!context.image.src\">\n\t\t\t\t\t\t\t\t\t\t<img data-wp-bind--src=\"context.image.src\" data-wp-bind--hidden=\"!context.image.src\" \/>\n\t\t\t\t\t\t\t\t\t\t<img decoding=\"async\" src=\"data:image\/gif;base64,R0lGODlhAQABAAD\/ACwAAAAAAQABAAACADs=\" data-wp-bind--hidden=\"context.image.src\" \/>\n\t\t\t\t\t\t\t\t\t<\/figure>\n\t\t\t\t\t\t\t\t\t<div class=\"field-image-option__label-wrapper\">\n\t\t\t\t\t\t\t\t\t\t<span class=\"field-image-option__label-code\" data-wp-text=\"context.image.letterCode\"><\/span>\n\t\t\t\t\t\t\t\t\t\t<span class=\"field-image-option__label\" data-wp-text=\"context.image.label\" data-wp-bind--hidden=\"!context.image.label\"><\/span>\n\t\t\t\t\t\t\t\t\t<\/div>\n\t\t\t\t\t\t\t\t<\/div>\n\t\t\t\t\t\t\t<\/template>\n\t\t\t\t\t\t<\/div>\n\t\t\t\t\t\t<div class=\"field-files\" data-wp-bind--hidden=\"!context.submission.files\">\n\t\t\t\t\t\t\t<template data-wp-each--file=\"context.submission.files\">\n\t\t\t\t\t\t\t\t<div class=\"field-file\">\n\t\t\t\t\t\t\t\t\t<div class=\"field-file__thumbnail\" data-wp-style--background-image=\"context.file.previewUrl\" data-wp-style--mask-image=\"context.file.iconUrl\" data-wp-bind--hidden=\"!context.file.hasPreview\"><\/div>\n\t\t\t\t\t\t\t\t\t<svg class=\"field-file__icon\" data-wp-bind--hidden=\"context.file.hasPreview\" width=\"20\" height=\"20\" viewBox=\"0 0 24 24\" fill=\"none\" xmlns=\"http:\/\/www.w3.org\/2000\/svg\" aria-hidden=\"true\">\n\t\t\t\t\t\t\t\t\t\t<path d=\"M14 2H6C4.9 2 4 2.9 4 4V20C4 21.1 4.89 22 5.99 22H18C19.1 22 20 21.1 20 20V8L14 2ZM18 20H6V4H13V9H18V20Z\" fill=\"currentColor\"\/>\n\t\t\t\t\t\t\t\t\t<\/svg>\n\t\t\t\t\t\t\t\t\t<span class=\"field-file__name\" data-wp-text=\"context.file.name\"><\/span>\n\t\t\t\t\t\t\t\t\t<span class=\"field-file__size\" data-wp-text=\"context.file.size\"><\/span>\n\t\t\t\t\t\t\t\t<\/div>\n\t\t\t\t\t\t\t<\/template>\n\t\t\t\t\t\t<\/div>\n\t\t\t\t\t<\/div>\n\t\t\t\t<\/template><\/div><form action='https:\/\/harmonietoulouse.com\/'\n\t\t\t\tid='jp-form-b2b163c6c98058528fc5f2589bd0701decc0ac11'\n\t\t\t\tmethod='post'\n\t\t\t\tclass='contact-form commentsblock jetpack-contact-form__form has-no-jetpack-form-layout' aria-label=\"Quand tu comprends ce qui ne va pas\u2026 mais que quelque chose bloque encore.\"\n\t\t\t\tdata-wp-on--submit=\"actions.onFormSubmit\"\n\t\t\t\tdata-wp-on--reset=\"actions.onFormReset\"\n\t\t\t\tdata-wp-class--submission-success=\"context.submissionSuccess\"\n\t\t\t\tdata-wp-class--is-first-step=\"state.isFirstStep\"\n\t\t\t\tdata-wp-class--is-last-step=\"state.isLastStep\"\n\t\t\t\tdata-wp-class--is-ajax-form=\"context.useAjax\"\n\t\t\t\tnovalidate >\n<input type='hidden' name='jetpack_contact_form_jwt' value='eyJ0eXAiOiJKV1QiLCJhbGciOiJIUzI1NiJ9.eyJlbmNyeXB0ZWRfYXR0cmlidXRlcyI6ImJQUDZCU3g0Q1gxbEw2NXhvL0tFZko0dlNFbDF2U0ticFU4dVhaR1pCZ3VBWUF0SE1YQkptVVVDNFhwNUNGYWhHblJsek0yUmxnQ0E5ZW8xZ01IQ0dpZEFlMERvNlh4c0hFdEJXc3N5emhQS1g3anhyRlNMN0xXQkJ2RGRrdm82Qlg4d3lGbW0rTktkWE1XSXQzMGNNNTBobEJvYWNKVmhKNmNqRDNlelcyQUluZm1ma1hETmRaTlNwNGhtZnJPVzlIUGJSNDhrNFNrVnhhT29UblVvM1RUNjNiSy9vV0JOOW5LY0lqWVJ3T3hkRHdWTWZMZjdmNVNFcXJWb1c1N3BtL3hOQzZZb29iMUNwT2hMcW5odFZzV0ZXZUhLQXQ4c3NqWURqTTNNNXNIR2orYUo0TzhYVEJZbDB5ZExmRXQ0VGZ0ZmtJYWdxMXNibVdacURvdFpDRXljYzBxYkFoc2gwV3dFRWw5eGR5QzZSNXBBTkJuVURjRDNva09HTHFQa3hWY2VFRDlsQnJYdlhOcTNZRVVNQ0xIcFh2TmNqKzJQNzFseXVIV3piZkx5bkRhVGF1aHRlUE1PeGl1K2hDa2NSU3pJb2tKVzUrZEE4VklRNnRIM3lzNW81R29mOFVYV3hxRFVrMUhvTWJyT0FUSEFKVUM4bm1xR0RuekhVZW51R1dDbXJYODZaVzNmMmE4U3ZCV2I2ejZ0c0dyQ1ZzU3gwWG1VU3YzK3l1RGllUloyMHU1alZDcEtKYkJwaklzMnVKZ2JiakxYNkFYWFFLbmFqS25TZERKY0NNZi9EU3RKQXRMcExveXZGQllrS0NCbjVEVytoMHFHeFpxYzk5cDdYQUtEdmdXcXFkYkZPajUyNzhaLzMyYjdWRWNTZnZmVXlsT3RRTGhjRllCQzlRdURPK2hJUXBWeFdmZDNtTkIzemxPc2p0NEFrdCtNOVBxVDNoZS83SW1Hbk00VUJRQXlnaEdYUE14ZWF0UlpQRHRBb2U2dEpuZno1TVdRc1JDV3phZDh0QXRxcWxaeXNaYW9rYkZKRlpycVlRYVAyR2JJYU1mL2pMWUFLWHoya3BXNlhRZnVLNHY2dFZudGMzQW5ySUwwUWFnbmZYYUM2TVdvWTFkRm50ZlFxY3N5Sm5QWXVEM3RCL0xjYWZkNW9kbk0vb09Cb0xVbGlraFdZcHlacVhvZXhzSGVpblFEbjRTSjBabzdXMHU3bmdrcnhFSzJYSkZsZzJENXNUZDhOaVhxMnhGcHlUaXlPb3Jhc0pjMEZLYmNKUmRtMUwzTU8yYzAvdklnc0Y1bDB1cUZvcE10amRXcGR5U0xaeURJRkpQWkZCTmxqMlExMHNhdDh0bXpMVUVteDZncG9tcVYxaTNBTjdSV1ZMU3ovRTdaQVJlWklaQnJPaktpM3EvS1FkMkRydWdEZlE9PSIsImNvbnRlbnQiOiJbY29udGFjdC1maWVsZCBsYWJlbD1cIk5vbVwiIHR5cGU9XCJuYW1lXCIgcmVxdWlyZWQ9XCJ0cnVlXCIgL11bY29udGFjdC1maWVsZCBsYWJlbD1cIkUtbWFpbFwiIHR5cGU9XCJlbWFpbFwiIHJlcXVpcmVkPVwidHJ1ZVwiIC9dW2NvbnRhY3QtZmllbGQgbGFiZWw9XCJTaXRlIHdlYlwiIHR5cGU9XCJ1cmxcIiAvXVtjb250YWN0LWZpZWxkIGxhYmVsPVwiTWVzc2FnZVwiIHR5cGU9XCJ0ZXh0YXJlYVwiIC9dIiwiaGFzaCI6ImIyYjE2M2M2Yzk4MDU4NTI4ZmM1ZjI1ODliZDA3MDFkZWNjMGFjMTEiLCJzb3VyY2UiOnsiZW50cnlfdGl0bGUiOiJRdWFuZCB0dSBjb21wcmVuZHMgY2UgcXVpIG5lIHZhIHBhc1x1MjAyNiBtYWlzIHF1ZSBxdWVscXVlIGNob3NlIGJsb3F1ZSBlbmNvcmUuIiwiZW50cnlfcGFnZSI6MSwic291cmNlX2lkIjoyLCJzb3VyY2VfdHlwZSI6InNpbmdsZSIsInJlcXVlc3RfdXJsIjoiaHR0cHM6Ly9oYXJtb25pZXRvdWxvdXNlLmNvbS93cC1qc29uL3dwL3YyL3BhZ2VzLzIifSwidmVyc2lvbiI6MiwiY2lwaGVyIjoiYWVzLTI1Ni1nY20ifQ.HpzTjpRZlljGeDLbNW6hEo-azNETDr8_AGtFsKTLjWs' \/>\n\n<div style=\"\"  data-wp-interactive=\"jetpack\/form\" data-wp-context='{\"fieldId\":\"g2-nom\",\"fieldType\":\"name\",\"fieldLabel\":\"Nom\",\"fieldValue\":\"\",\"fieldPlaceholder\":\"\",\"fieldIsRequired\":\"1\",\"fieldErrorMessage\":\"\",\"fieldExtra\":[],\"formHash\":\"b2b163c6c98058528fc5f2589bd0701decc0ac11\"}'  class='grunion-field-name-wrap grunion-field-wrap'  data-wp-init='callbacks.initializeField' data-wp-on--jetpack-form-reset='callbacks.initializeField' >\n<label\n\t\t\t\tfor='g2-nom' class=\"grunion-field-label name\" >Nom<span class=\"grunion-label-required\" aria-hidden=\"true\">(obligatoire)<\/span><\/label>\n<input\n\t\t\t\t\ttype='text'\n\t\t\t\t\tname='g2-nom'\n\t\t\t\t\tid='g2-nom'\n\t\t\t\t\tvalue=''\n\n\t\t\t\t\tdata-wp-bind--aria-invalid='state.fieldAriaInvalid'\n\t\t\t\t\tdata-wp-bind--value='state.getFieldValue'\n\t\t\t\t\taria-describedby='g2-nom-text-error-message'\n\t\t\t\t\tdata-wp-on--input='actions.onFieldChange'\n\t\t\t\t\tdata-wp-on--blur='actions.onFieldBlur'\n\t\t\t\t\tdata-wp-class--has-value='state.hasFieldValue'\n\n\t\t\t\t\tclass='name  grunion-field' \n\t\t\t\t\trequired='true' aria-required='true'  \/>\n \n\t\t\t<div id=\"g2-nom-text-error\" class=\"contact-form__input-error\" data-wp-class--has-errors=\"state.fieldHasErrors\">\n\t\t\t\t<span class=\"contact-form__warning-icon\" aria-hidden=\"true\">\n\t\t\t\t\t<svg width=\"16\" height=\"16\" viewBox=\"0 0 16 16\" fill=\"none\" xmlns=\"http:\/\/www.w3.org\/2000\/svg\">\n\t\t\t\t\t\t<path d=\"M8.50015 11.6402H7.50015V10.6402H8.50015V11.6402Z\" \/>\n\t\t\t\t\t\t<path d=\"M7.50015 9.64018H8.50015V6.30684H7.50015V9.64018Z\" \/>\n\t\t\t\t\t\t<path fill-rule=\"evenodd\" clip-rule=\"evenodd\" d=\"M6.98331 3.0947C7.42933 2.30177 8.57096 2.30177 9.01698 3.09469L13.8771 11.7349C14.3145 12.5126 13.7525 13.4735 12.8602 13.4735H3.14004C2.24774 13.4735 1.68575 12.5126 2.12321 11.7349L6.98331 3.0947ZM8.14541 3.58496C8.08169 3.47168 7.9186 3.47168 7.85488 3.58496L2.99478 12.2251C2.93229 12.3362 3.01257 12.4735 3.14004 12.4735H12.8602C12.9877 12.4735 13.068 12.3362 13.0055 12.2251L8.14541 3.58496Z\" \/>\n\t\t\t\t\t<\/svg>\n\t\t\t\t<\/span>\n\t\t\t\t<span data-wp-text=\"state.errorMessage\" id=\"g2-nom-text-error-message\"><\/span>\n\t\t\t<\/div> \n\t<\/div>\n\n<div style=\"\"  data-wp-interactive=\"jetpack\/form\" data-wp-context='{\"fieldId\":\"g2-email\",\"fieldType\":\"email\",\"fieldLabel\":\"E-mail\",\"fieldValue\":\"\",\"fieldPlaceholder\":\"\",\"fieldIsRequired\":\"1\",\"fieldErrorMessage\":\"\",\"fieldExtra\":[],\"formHash\":\"b2b163c6c98058528fc5f2589bd0701decc0ac11\"}'  class='grunion-field-email-wrap grunion-field-wrap'  data-wp-init='callbacks.initializeField' data-wp-on--jetpack-form-reset='callbacks.initializeField' >\n<label\n\t\t\t\tfor='g2-email' class=\"grunion-field-label email\" >E-mail<span class=\"grunion-label-required\" aria-hidden=\"true\">(obligatoire)<\/span><\/label>\n<input\n\t\t\t\t\ttype='email'\n\t\t\t\t\tname='g2-email'\n\t\t\t\t\tid='g2-email'\n\t\t\t\t\tvalue=''\n\n\t\t\t\t\tdata-wp-bind--aria-invalid='state.fieldAriaInvalid'\n\t\t\t\t\tdata-wp-bind--value='state.getFieldValue'\n\t\t\t\t\taria-describedby='g2-email-email-error-message'\n\t\t\t\t\tdata-wp-on--input='actions.onFieldChange'\n\t\t\t\t\tdata-wp-on--blur='actions.onFieldBlur'\n\t\t\t\t\tdata-wp-class--has-value='state.hasFieldValue'\n\n\t\t\t\t\tclass='email  grunion-field' \n\t\t\t\t\trequired='true' aria-required='true'  \/>\n \n\t\t\t<div id=\"g2-email-email-error\" class=\"contact-form__input-error\" data-wp-class--has-errors=\"state.fieldHasErrors\">\n\t\t\t\t<span class=\"contact-form__warning-icon\" aria-hidden=\"true\">\n\t\t\t\t\t<svg width=\"16\" height=\"16\" viewBox=\"0 0 16 16\" fill=\"none\" xmlns=\"http:\/\/www.w3.org\/2000\/svg\">\n\t\t\t\t\t\t<path d=\"M8.50015 11.6402H7.50015V10.6402H8.50015V11.6402Z\" \/>\n\t\t\t\t\t\t<path d=\"M7.50015 9.64018H8.50015V6.30684H7.50015V9.64018Z\" \/>\n\t\t\t\t\t\t<path fill-rule=\"evenodd\" clip-rule=\"evenodd\" d=\"M6.98331 3.0947C7.42933 2.30177 8.57096 2.30177 9.01698 3.09469L13.8771 11.7349C14.3145 12.5126 13.7525 13.4735 12.8602 13.4735H3.14004C2.24774 13.4735 1.68575 12.5126 2.12321 11.7349L6.98331 3.0947ZM8.14541 3.58496C8.08169 3.47168 7.9186 3.47168 7.85488 3.58496L2.99478 12.2251C2.93229 12.3362 3.01257 12.4735 3.14004 12.4735H12.8602C12.9877 12.4735 13.068 12.3362 13.0055 12.2251L8.14541 3.58496Z\" \/>\n\t\t\t\t\t<\/svg>\n\t\t\t\t<\/span>\n\t\t\t\t<span data-wp-text=\"state.errorMessage\" id=\"g2-email-email-error-message\"><\/span>\n\t\t\t<\/div> \n\t<\/div>\n\n<div style=\"\"  data-wp-interactive=\"jetpack\/form\" data-wp-context='{\"fieldId\":\"g2-siteweb\",\"fieldType\":\"url\",\"fieldLabel\":\"Site web\",\"fieldValue\":\"\",\"fieldPlaceholder\":\"\",\"fieldIsRequired\":\"\",\"fieldErrorMessage\":\"\",\"fieldExtra\":[],\"formHash\":\"b2b163c6c98058528fc5f2589bd0701decc0ac11\"}'  class='grunion-field-url-wrap grunion-field-wrap'  data-wp-init='callbacks.initializeField' data-wp-on--jetpack-form-reset='callbacks.initializeField' >\n<label\n\t\t\t\tfor='g2-siteweb' class=\"grunion-field-label url\" >Site web<\/label>\n<input\n\t\t\t\t\ttype='text'\n\t\t\t\t\tname='g2-siteweb'\n\t\t\t\t\tid='g2-siteweb'\n\t\t\t\t\tvalue=''\n\n\t\t\t\t\tdata-wp-bind--aria-invalid='state.fieldAriaInvalid'\n\t\t\t\t\tdata-wp-bind--value='state.getFieldValue'\n\t\t\t\t\taria-describedby='g2-siteweb-text-error-message'\n\t\t\t\t\tdata-wp-on--input='actions.onFieldChange'\n\t\t\t\t\tdata-wp-on--blur='actions.onFieldBlur'\n\t\t\t\t\tdata-wp-class--has-value='state.hasFieldValue'\n\n\t\t\t\t\tclass='url  grunion-field' \n\t\t\t\t\t \/>\n \n\t\t\t<div id=\"g2-siteweb-text-error\" class=\"contact-form__input-error\" data-wp-class--has-errors=\"state.fieldHasErrors\">\n\t\t\t\t<span class=\"contact-form__warning-icon\" aria-hidden=\"true\">\n\t\t\t\t\t<svg width=\"16\" height=\"16\" viewBox=\"0 0 16 16\" fill=\"none\" xmlns=\"http:\/\/www.w3.org\/2000\/svg\">\n\t\t\t\t\t\t<path d=\"M8.50015 11.6402H7.50015V10.6402H8.50015V11.6402Z\" \/>\n\t\t\t\t\t\t<path d=\"M7.50015 9.64018H8.50015V6.30684H7.50015V9.64018Z\" \/>\n\t\t\t\t\t\t<path fill-rule=\"evenodd\" clip-rule=\"evenodd\" d=\"M6.98331 3.0947C7.42933 2.30177 8.57096 2.30177 9.01698 3.09469L13.8771 11.7349C14.3145 12.5126 13.7525 13.4735 12.8602 13.4735H3.14004C2.24774 13.4735 1.68575 12.5126 2.12321 11.7349L6.98331 3.0947ZM8.14541 3.58496C8.08169 3.47168 7.9186 3.47168 7.85488 3.58496L2.99478 12.2251C2.93229 12.3362 3.01257 12.4735 3.14004 12.4735H12.8602C12.9877 12.4735 13.068 12.3362 13.0055 12.2251L8.14541 3.58496Z\" \/>\n\t\t\t\t\t<\/svg>\n\t\t\t\t<\/span>\n\t\t\t\t<span data-wp-text=\"state.errorMessage\" id=\"g2-siteweb-text-error-message\"><\/span>\n\t\t\t<\/div> \n\t<\/div>\n\n<div style=\"\"  data-wp-interactive=\"jetpack\/form\" data-wp-context='{\"fieldId\":\"g2-message\",\"fieldType\":\"textarea\",\"fieldLabel\":\"Message\",\"fieldValue\":\"\",\"fieldPlaceholder\":\"\",\"fieldIsRequired\":\"\",\"fieldErrorMessage\":\"\",\"fieldExtra\":[],\"formHash\":\"b2b163c6c98058528fc5f2589bd0701decc0ac11\"}'  class='grunion-field-textarea-wrap grunion-field-wrap'  data-wp-init='callbacks.initializeField' data-wp-on--jetpack-form-reset='callbacks.initializeField' >\n<label\n\t\t\t\tfor='contact-form-comment-g2-message' class=\"grunion-field-label textarea\" >Message<\/label>\n<textarea\n\t\t                style=''\n\t\t                name='g2-message'\n\t\t                id='contact-form-comment-g2-message'\n\t\t                rows='20'\n\t\t\t\t\t\tdata-wp-text='state.getFieldValue'\n\t\t\t\t\t\tdata-wp-on--input='actions.onFieldChange'\n\t\t\t\t\t\tdata-wp-on--blur='actions.onFieldBlur'\n\t\t\t\t\t\tdata-wp-class--has-value='state.hasFieldValue'\n\t\t\t\t\t\taria-describedby='g2-message-textarea-error-message'\n\t\t\t\t\t\tdata-wp-bind--aria-invalid='state.fieldAriaInvalid'\n\t\t\t\t\t\tclass='textarea  grunion-field'  ><\/textarea>\n \n\t\t\t<div id=\"g2-message-textarea-error\" class=\"contact-form__input-error\" data-wp-class--has-errors=\"state.fieldHasErrors\">\n\t\t\t\t<span class=\"contact-form__warning-icon\" aria-hidden=\"true\">\n\t\t\t\t\t<svg width=\"16\" height=\"16\" viewBox=\"0 0 16 16\" fill=\"none\" xmlns=\"http:\/\/www.w3.org\/2000\/svg\">\n\t\t\t\t\t\t<path d=\"M8.50015 11.6402H7.50015V10.6402H8.50015V11.6402Z\" \/>\n\t\t\t\t\t\t<path d=\"M7.50015 9.64018H8.50015V6.30684H7.50015V9.64018Z\" \/>\n\t\t\t\t\t\t<path fill-rule=\"evenodd\" clip-rule=\"evenodd\" d=\"M6.98331 3.0947C7.42933 2.30177 8.57096 2.30177 9.01698 3.09469L13.8771 11.7349C14.3145 12.5126 13.7525 13.4735 12.8602 13.4735H3.14004C2.24774 13.4735 1.68575 12.5126 2.12321 11.7349L6.98331 3.0947ZM8.14541 3.58496C8.08169 3.47168 7.9186 3.47168 7.85488 3.58496L2.99478 12.2251C2.93229 12.3362 3.01257 12.4735 3.14004 12.4735H12.8602C12.9877 12.4735 13.068 12.3362 13.0055 12.2251L8.14541 3.58496Z\" \/>\n\t\t\t\t\t<\/svg>\n\t\t\t\t<\/span>\n\t\t\t\t<span data-wp-text=\"state.errorMessage\" id=\"g2-message-textarea-error-message\"><\/span>\n\t\t\t<\/div>\n\t<\/div>\n\t<p class='contact-submit'>\n<div class=\"contact-form__error\" data-wp-class--show-errors=\"state.showFormErrors\"><span class=\"contact-form__warning-icon\" aria-hidden=\"true\"><i><\/i><\/span><span class=\"contact-form__error-message\" tabindex=\"-1\" data-wp-watch=\"callbacks.focusOnValidationError\" data-wp-text=\"state.getFormErrorMessage\"><\/span><ul aria-label=\"Erreurs de formulaire\">\n\t\t\t\t<template data-wp-each=\"state.getErrorList\" data-wp-key=\"context.item.id\">\n\t\t\t\t\t<li><a data-wp-bind--href=\"context.item.anchor\" data-wp-on--click=\"actions.scrollIntoView\" data-wp-text=\"context.item.label\"><\/a><\/li>\n\t\t\t\t<\/template>\n\t\t\t\t<\/ul><\/div><div class=\"contact-form__error\" data-wp-class--show-errors=\"state.showSubmissionError\" data-wp-text=\"context.submissionError\" tabindex=\"-1\" data-wp-watch=\"callbacks.focusOnSubmissionError\"><\/div>\t\t<button type='submit' class='pushbutton-wide'>Envoyer<\/button>\t\t<input type='hidden' name='contact-form-id' value='2' \/>\n\t\t<input type='hidden' name='action' value='grunion-contact-form' \/>\n\t\t<input type='hidden' name='contact-form-hash' value='b2b163c6c98058528fc5f2589bd0701decc0ac11' \/>\n\t<\/p>\n<p style=\"display: none !important;\" class=\"akismet-fields-container\" data-prefix=\"ak_\"><label>&#916;<textarea name=\"ak_hp_textarea\" cols=\"45\" rows=\"8\" maxlength=\"100\"><\/textarea><\/label><input type=\"hidden\" id=\"ak_js_1\" name=\"ak_js\" value=\"27\"\/><script type=\"text\/javascript\">\n\/* <![CDATA[ *\/\ndocument.getElementById( \"ak_js_1\" ).setAttribute( \"value\", ( new Date() ).getTime() );\n\/* ]]> *\/\n<\/script>\n<\/p><\/form>\n<\/div>\n<p style=\"text-align: center;\">\n<\/blockquote>\n<p>&nbsp;<\/p>\n<p>&nbsp;<\/p>\n<h5><\/h5>\n","protected":false},"excerpt":{"rendered":"<p>Quand tu comprends ce qui ne va pas\u2026 mais que quelque chose bloque encore. &nbsp; J\u2019accompagne adultes et enfants \u00e0 se lib\u00e9rer de blocages \u00e9motionnels &hellip; <\/p>\n","protected":false},"author":1,"featured_media":0,"parent":0,"menu_order":0,"comment_status":"closed","ping_status":"closed","template":"","meta":{"_monsterinsights_skip_tracking":false,"_monsterinsights_sitenote_active":false,"_monsterinsights_sitenote_note":"","_monsterinsights_sitenote_category":0,"footnotes":""},"class_list":["post-2","page","type-page","status-publish","hentry"],"jetpack_sharing_enabled":true,"_links":{"self":[{"href":"https:\/\/harmonietoulouse.com\/index.php\/wp-json\/wp\/v2\/pages\/2","targetHints":{"allow":["GET"]}}],"collection":[{"href":"https:\/\/harmonietoulouse.com\/index.php\/wp-json\/wp\/v2\/pages"}],"about":[{"href":"https:\/\/harmonietoulouse.com\/index.php\/wp-json\/wp\/v2\/types\/page"}],"author":[{"embeddable":true,"href":"https:\/\/harmonietoulouse.com\/index.php\/wp-json\/wp\/v2\/users\/1"}],"replies":[{"embeddable":true,"href":"https:\/\/harmonietoulouse.com\/index.php\/wp-json\/wp\/v2\/comments?post=2"}],"version-history":[{"count":63,"href":"https:\/\/harmonietoulouse.com\/index.php\/wp-json\/wp\/v2\/pages\/2\/revisions"}],"predecessor-version":[{"id":1424,"href":"https:\/\/harmonietoulouse.com\/index.php\/wp-json\/wp\/v2\/pages\/2\/revisions\/1424"}],"wp:attachment":[{"href":"https:\/\/harmonietoulouse.com\/index.php\/wp-json\/wp\/v2\/media?parent=2"}],"curies":[{"name":"wp","href":"https:\/\/api.w.org\/{rel}","templated":true}]}}