{"id":316,"date":"2018-06-05T10:28:56","date_gmt":"2018-06-05T08:28:56","guid":{"rendered":"http:\/\/harmonietoulouse.com\/?page_id=316"},"modified":"2018-12-07T11:34:42","modified_gmt":"2018-12-07T10:34:42","slug":"fleurs-de-bach","status":"publish","type":"page","link":"https:\/\/harmonietoulouse.com\/index.php\/fleurs-de-bach\/","title":{"rendered":"Fleurs de Bach"},"content":{"rendered":"<p>Les\u00a0<b>fleurs de Bach<\/b>\u00a0sont des \u00e9lixirs floraux destin\u00e9s \u00e0 r\u00e9tablir l&rsquo;\u00e9quilibre \u00e9motionnel, \u00e0 am\u00e9liorer votre bien-\u00eatre.<br \/>\n<img loading=\"lazy\" decoding=\"async\" class=\" size-full wp-image-326 alignleft\" src=\"http:\/\/harmonietoulouse.com\/wp-content\/uploads\/2018\/05\/t\u00e9l\u00e9chargement.jpg\" alt=\"t\u00e9l\u00e9chargement.jpg\" width=\"225\" height=\"225\" srcset=\"https:\/\/harmonietoulouse.com\/wp-content\/uploads\/2018\/05\/t\u00e9l\u00e9chargement.jpg 225w, https:\/\/harmonietoulouse.com\/wp-content\/uploads\/2018\/05\/t\u00e9l\u00e9chargement-150x150.jpg 150w, https:\/\/harmonietoulouse.com\/wp-content\/uploads\/2018\/05\/t\u00e9l\u00e9chargement-50x50.jpg 50w\" sizes=\"auto, (max-width: 225px) 100vw, 225px\" \/><br \/>\nAu d\u00e9but du 20<sup>\u00e8me<\/sup>\u00a0si\u00e8cle, le docteur\u00a0<b>Edward Bach<\/b>\u00a0met au point un syst\u00e8me de 38 \u00e9lixirs de fleurs pour aider chacun \u00e0 red\u00e9couvrir son\u00a0<b>c\u00f4t\u00e9 positif<\/b>. Le Dr Bach identifie\u00a0<b>7 groupes de sentiments<\/b>\u00a0(souci, incertitude, manque d&rsquo;int\u00e9r\u00eat, solitude, hypersensibilit\u00e9, tristesse, pr\u00e9occupation excessive) dans lesquels il classe ses \u00e9lixirs.<\/p>\n<p>Dilutions de fleurs et d&rsquo;eau de source, les fleurs de Bach sont des\u00a0<b>rem\u00e8des naturels<\/b>\u00a0qui traitent les \u00e9motions, les sentiments, les humeurs et non les maladies.<\/p>\n<p>La m\u00e9thode de pr\u00e9paration est la solarisation (mac\u00e9ration) ou l\u2019\u00e9bullition (d\u00e9coction). Cette m\u00e9thode tient compte des quatre \u00e9l\u00e9ments (air, eau, terre, feu).<\/p>\n<p>La mol\u00e9cule de l\u2019eau recueillant le message subtil de la plante.<\/p>\n<p>Chaque fleur est associ\u00e9e \u00e0 une fr\u00e9quence vibratoire correspondant \u00e0 son essence. Elles nous transmettent leur quintessence et son sch\u00e9ma th\u00e9rapeutique.<\/p>\n<p>Leur champ d\u2019action s\u2019effectue au niveau \u00e9nerg\u00e9tique.<\/p>\n<p>Chaque fleur de Bach est ainsi une r\u00e9ponse individualis\u00e9e \u00e0 un d\u00e9s\u00e9quilibre \u00e9motionnel. En r\u00e9tablissant l&rsquo;\u00e9quilibre, les \u00e9lixirs de Bach contribuent \u00e0 votre bien-\u00eatre.<\/p>\n<p><strong>Ainsi en tant que praticienne Fleur de Bach et \u00e9nerg\u00e9ticienne je serais \u00e0 m\u00eame de composer des flacons personnalis\u00e9es en fonction de vos besoins.<\/strong><\/p>\n<p>Elles peuvent \u00eatre utilis\u00e9es dans des moments de vie difficiles, personnelle ou professionnelle :<\/p>\n<ul>\n<li>L\u2019anxi\u00e9t\u00e9<\/li>\n<li>Le stress<\/li>\n<li>Les angoisses<\/li>\n<li>Accompagnement de la maladie<\/li>\n<li>S\u00e9parations<\/li>\n<li>Deuil<\/li>\n<li>Hyperactivit\u00e9 chez les enfants<\/li>\n<li>Concentration<\/li>\n<li>Agitation<\/li>\n<li>Impatience<\/li>\n<li>Confiance en soi<\/li>\n<li>Chagrin, tristesse\u2026<\/li>\n<\/ul>\n<p>Il n&rsquo;y a pas de restriction \u00e0 consommer les \u00e9lixirs de Fleurs, les b\u00e9b\u00e9s, les enfants et les femmes enceintes peuvent aussi en consommer. On adaptera le mode de consommation (sous la langue, dans un verre d&rsquo;eau, sur la peau, dans l&rsquo;eau du bain&#8230;) et la concentration de l&rsquo;\u00e9lixir en fonction de chacun.<\/p>\n<p>Ces \u00e9lixirs se pr\u00e9sentent sous forme liquide.<br \/>\nLes fleurs de Bach s\u2019ing\u00e8rent directement par voie orale, 4 fois par jour en dilution.<br \/>\nC\u2019est la r\u00e9p\u00e9tition du message qui compte.<\/p>\n<p><strong>J&rsquo;utilise la marque DEVA qui apr\u00e8s comparaison m&rsquo;a paru nettement plus concentr\u00e9e. Le laboratoire Deva est une marque fran\u00e7aise qui propose des produits biologiques.<\/strong><\/p>\n<p><span style=\"color: #ff0000;\"><strong>Les fleurs de Bach ne remplacent en aucun cas un traitement m\u00e9dical et\/ou un suivi th\u00e9rapeutique.<\/strong><\/span><\/p>\n<p><strong><img loading=\"lazy\" decoding=\"async\" class=\"alignnone size-full wp-image-431\" src=\"https:\/\/harmonietoulouse.com\/wp-content\/uploads\/2018\/12\/Visuel-Fleurs-de-Bach-1-1-1421981071-1544014505373.jpg\" alt=\"Visuel-Fleurs-de-Bach-1-1.jpg\" width=\"3508\" height=\"1940\" srcset=\"https:\/\/harmonietoulouse.com\/wp-content\/uploads\/2018\/12\/Visuel-Fleurs-de-Bach-1-1-1421981071-1544014505373.jpg 3508w, https:\/\/harmonietoulouse.com\/wp-content\/uploads\/2018\/12\/Visuel-Fleurs-de-Bach-1-1-1421981071-1544014505373-300x166.jpg 300w, https:\/\/harmonietoulouse.com\/wp-content\/uploads\/2018\/12\/Visuel-Fleurs-de-Bach-1-1-1421981071-1544014505373-768x425.jpg 768w, https:\/\/harmonietoulouse.com\/wp-content\/uploads\/2018\/12\/Visuel-Fleurs-de-Bach-1-1-1421981071-1544014505373-1024x566.jpg 1024w, https:\/\/harmonietoulouse.com\/wp-content\/uploads\/2018\/12\/Visuel-Fleurs-de-Bach-1-1-1421981071-1544014505373-500x277.jpg 500w\" sizes=\"auto, (max-width: 3508px) 100vw, 3508px\" \/><\/strong><\/p>\n<p>&nbsp;<\/p>\n","protected":false},"excerpt":{"rendered":"<p>Les\u00a0fleurs de Bach\u00a0sont des \u00e9lixirs floraux destin\u00e9s \u00e0 r\u00e9tablir l&rsquo;\u00e9quilibre \u00e9motionnel, \u00e0 am\u00e9liorer votre bien-\u00eatre. Au d\u00e9but du 20\u00e8me\u00a0si\u00e8cle, le docteur\u00a0Edward Bach\u00a0met au point un &hellip; <\/p>\n","protected":false},"author":1,"featured_media":0,"parent":0,"menu_order":0,"comment_status":"closed","ping_status":"closed","template":"","meta":{"_monsterinsights_skip_tracking":false,"_monsterinsights_sitenote_active":false,"_monsterinsights_sitenote_note":"","_monsterinsights_sitenote_category":0,"footnotes":""},"class_list":["post-316","page","type-page","status-publish","hentry"],"jetpack_sharing_enabled":true,"_links":{"self":[{"href":"https:\/\/harmonietoulouse.com\/index.php\/wp-json\/wp\/v2\/pages\/316","targetHints":{"allow":["GET"]}}],"collection":[{"href":"https:\/\/harmonietoulouse.com\/index.php\/wp-json\/wp\/v2\/pages"}],"about":[{"href":"https:\/\/harmonietoulouse.com\/index.php\/wp-json\/wp\/v2\/types\/page"}],"author":[{"embeddable":true,"href":"https:\/\/harmonietoulouse.com\/index.php\/wp-json\/wp\/v2\/users\/1"}],"replies":[{"embeddable":true,"href":"https:\/\/harmonietoulouse.com\/index.php\/wp-json\/wp\/v2\/comments?post=316"}],"version-history":[{"count":26,"href":"https:\/\/harmonietoulouse.com\/index.php\/wp-json\/wp\/v2\/pages\/316\/revisions"}],"predecessor-version":[{"id":451,"href":"https:\/\/harmonietoulouse.com\/index.php\/wp-json\/wp\/v2\/pages\/316\/revisions\/451"}],"wp:attachment":[{"href":"https:\/\/harmonietoulouse.com\/index.php\/wp-json\/wp\/v2\/media?parent=316"}],"curies":[{"name":"wp","href":"https:\/\/api.w.org\/{rel}","templated":true}]}}