{"id":35,"date":"2017-06-09T15:57:08","date_gmt":"2017-06-09T14:57:08","guid":{"rendered":"http:\/\/harmonietoulouse.com\/?page_id=35"},"modified":"2025-08-11T18:27:05","modified_gmt":"2025-08-11T16:27:05","slug":"infos-pratiques","status":"publish","type":"page","link":"https:\/\/harmonietoulouse.com\/index.php\/infos-pratiques\/","title":{"rendered":"Tarifs"},"content":{"rendered":"<p style=\"text-align: center;\"><strong>Tarifs et dur\u00e9e des s\u00e9ances<\/strong><\/p>\n<p>&nbsp;<\/p>\n<p><strong>Psycho Bio Acupressure :<\/strong><\/p>\n<p>S\u00e9ances ponctuelles espac\u00e9es de 6 semaines minimum<\/p>\n<p>Enfants et adultes = 60 euros (s\u00e9ance d&rsquo;1h)<\/p>\n<p>B\u00e9b\u00e9 (si il ne marche pas encore) = 50 euros (s\u00e9ance de 45 min)<\/p>\n<p>&nbsp;<\/p>\n<p><strong>Accompagnement \u00e9motionnel :<\/strong><\/p>\n<p>Pour les adultes uniquement, les s\u00e9ances durent entre 45 min et 1h15 min<\/p>\n<p>Une s\u00e9ance par semaine = 180 euros\/mois<\/p>\n<p>2 s\u00e9ances par mois = 100 euros\/mois<\/p>\n<p>1 s\u00e9ance par mois = 60 euros\/mois<\/p>\n<p>&nbsp;<\/p>\n<p><strong>Pour les personnes au RSA, \u00e9tudiants ou ch\u00f4meurs, petite retraite= 45 euros la s\u00e9ance pour les deux premiers rdv.<\/strong><\/p>\n<p><em><strong>Une p\u00e9nalit\u00e9 de 20 euros sera demand\u00e9e aux personnes qui ne pr\u00e9viennent pas de l&rsquo;annulation du rdv au moins 48h \u00e0 l&rsquo;avance!<\/strong><\/em><\/p>\n<p><strong>paiement de pr\u00e9f\u00e9rence en esp\u00e8ce.<\/strong><\/p>\n<p><em> Merci de votre compr\u00e9hension.<\/em><\/p>\n","protected":false},"excerpt":{"rendered":"<p>Tarifs et dur\u00e9e des s\u00e9ances &nbsp; Psycho Bio Acupressure : S\u00e9ances ponctuelles espac\u00e9es de 6 semaines minimum Enfants et adultes = 60 euros (s\u00e9ance d&rsquo;1h) &hellip; <\/p>\n","protected":false},"author":1,"featured_media":0,"parent":0,"menu_order":0,"comment_status":"closed","ping_status":"closed","template":"","meta":{"_monsterinsights_skip_tracking":false,"_monsterinsights_sitenote_active":false,"_monsterinsights_sitenote_note":"","_monsterinsights_sitenote_category":0,"footnotes":""},"class_list":["post-35","page","type-page","status-publish","hentry"],"jetpack_sharing_enabled":true,"_links":{"self":[{"href":"https:\/\/harmonietoulouse.com\/index.php\/wp-json\/wp\/v2\/pages\/35","targetHints":{"allow":["GET"]}}],"collection":[{"href":"https:\/\/harmonietoulouse.com\/index.php\/wp-json\/wp\/v2\/pages"}],"about":[{"href":"https:\/\/harmonietoulouse.com\/index.php\/wp-json\/wp\/v2\/types\/page"}],"author":[{"embeddable":true,"href":"https:\/\/harmonietoulouse.com\/index.php\/wp-json\/wp\/v2\/users\/1"}],"replies":[{"embeddable":true,"href":"https:\/\/harmonietoulouse.com\/index.php\/wp-json\/wp\/v2\/comments?post=35"}],"version-history":[{"count":73,"href":"https:\/\/harmonietoulouse.com\/index.php\/wp-json\/wp\/v2\/pages\/35\/revisions"}],"predecessor-version":[{"id":79,"href":"https:\/\/harmonietoulouse.com\/index.php\/wp-json\/wp\/v2\/pages\/35\/revisions\/79"}],"wp:attachment":[{"href":"https:\/\/harmonietoulouse.com\/index.php\/wp-json\/wp\/v2\/media?parent=35"}],"curies":[{"name":"wp","href":"https:\/\/api.w.org\/{rel}","templated":true}]}}