{"id":437,"date":"2018-12-05T15:49:44","date_gmt":"2018-12-05T13:49:44","guid":{"rendered":"https:\/\/harmonietoulouse.com\/?page_id=437"},"modified":"2026-04-11T22:09:50","modified_gmt":"2026-04-11T20:09:50","slug":"qui-suis-je","status":"publish","type":"page","link":"https:\/\/harmonietoulouse.com\/index.php\/qui-suis-je\/","title":{"rendered":"Qui suis je?"},"content":{"rendered":"<p><strong>Nelly Marteaud<\/strong><\/p>\n<p><img loading=\"lazy\" decoding=\"async\" src=\"https:\/\/harmonietoulouse.com\/wp-content\/uploads\/2026\/04\/img_20260411_2147121720647103859477664.jpg\" class=\"size-medium alignnone wp-image-1434\" width=\"208\" height=\"300\" srcset=\"https:\/\/harmonietoulouse.com\/wp-content\/uploads\/2026\/04\/img_20260411_2147121720647103859477664.jpg 1386w, https:\/\/harmonietoulouse.com\/wp-content\/uploads\/2026\/04\/img_20260411_2147121720647103859477664-208x300.jpg 208w, https:\/\/harmonietoulouse.com\/wp-content\/uploads\/2026\/04\/img_20260411_2147121720647103859477664-710x1024.jpg 710w, https:\/\/harmonietoulouse.com\/wp-content\/uploads\/2026\/04\/img_20260411_2147121720647103859477664-768x1108.jpg 768w, https:\/\/harmonietoulouse.com\/wp-content\/uploads\/2026\/04\/img_20260411_2147121720647103859477664-1064x1536.jpg 1064w\" sizes=\"auto, (max-width: 208px) 100vw, 208px\" \/><br \/>\n<span data-color=\"\" data-size=\"{\" data-line-height=\"1.161em\">\u00ab\u00a0En activit\u00e9 depuis 8 ans en tant que praticienne en Psycho Bio Acupressure (dipl\u00f4m\u00e9e de l&rsquo;institut Delatte), je suis une passionn\u00e9e par la psychologie, les m\u00e9thodes psycho \u00e9nerg\u00e9tiques, l&rsquo;inconscient et ses m\u00e9canismes. Je me suis donc form\u00e9e \u00e0 l&rsquo;EFT, l&rsquo;hypnose, l&rsquo;EMDR, la T5P, le Z\u00e9ro mental et d&rsquo;autres techniques de lib\u00e9ration. Le but \u00e9tant de pouvoir composer avec tout ces outils pour s&rsquo;adapter au mieux aux consultants et \u00e0 leurs besoins. J&rsquo;aime l&rsquo;humain, j&rsquo;ai un grand d\u00e9sir d&rsquo;aider. Je me suis donc orient\u00e9e vers la th\u00e9rapie br\u00e8ve et je sensibilise \u00e0 l&rsquo;importance de l&rsquo;\u00e9quilibre \u00e9motionnel et mental par des exercices pratiques quotidiens.<\/span><\/p>\n<p dir=\"ltr\" style=\"text-align:center;\"><strong><em>Comment en suis je venue \u00e0 devenir praticienne PBA?<\/em><\/strong><\/p>\n<p dir=\"ltr\" style=\"text-align:center;\"><em>Je me dois \u00e0 cet instant partager un moment personnel de ma vie&#8230; la perte d&rsquo;un \u00eatre cher. On pense que tout est perdu, que l&rsquo;on ne peut pas se relever mais apr\u00e8s l&rsquo;effondrement vient la renaissance&#8230; Gr\u00e2ce \u00e0 plusieurs s\u00e9ances de PBA, une th\u00e9rapie, je me suis reconnect\u00e9e \u00e0 moi m\u00eame et une petite flamme \u00e0 l&rsquo;int\u00e9rieur de moi est n\u00e9e, celle de la spiritualit\u00e9, du don de soi et de l&rsquo;amour pour les autres. Ma personnalit\u00e9 terre \u00e0 terre, ma sensibilit\u00e9 et ma personnalit\u00e9 communiquante sont des atouts importants pour accompagner les autres. <\/em><\/p>\n<figure id=\"attachment_850\" aria-describedby=\"caption-attachment-850\" style=\"width: 195px\" class=\"wp-caption aligncenter\"><img loading=\"lazy\" decoding=\"async\" class=\"size-medium wp-image-850\" src=\"https:\/\/harmonietoulouse.com\/wp-content\/uploads\/2021\/10\/nu-dos-escargot-195x300.jpg\" width=\"195\" height=\"300\"><figcaption id=\"caption-attachment-850\" class=\"wp-caption-text\">dessin en petits points de ma ch\u00e8re s\u0153ur ador\u00e9e partie trop t\u00f4t. Merci \u00e0 elle de m&rsquo;avoir initi\u00e9 \u00e0 la PBA.<\/figcaption><\/figure>\n<h4 class=\"pv-top-card-section__headline mt1 t-18 t-black t-normal\"><\/h4>\n<p dir=\"ltr\" style=\"text-align:center;\"><strong><em>\u00ab\u00a0Tant que l\u2019\u00e2me, le corps et l\u2019esprit sont en harmonie, rien ne peut nous affecter\u00a0\u00bb<\/em><\/strong><\/p>\n<p dir=\"ltr\" style=\"text-align:center;\"><strong>Citation du Docteur E. Bach<\/strong><\/p>\n<h5><\/h5>\n","protected":false},"excerpt":{"rendered":"<p>Nelly Marteaud \u00ab\u00a0En activit\u00e9 depuis 8 ans en tant que praticienne en Psycho Bio Acupressure (dipl\u00f4m\u00e9e de l&rsquo;institut Delatte), je suis une passionn\u00e9e par la &hellip; <\/p>\n","protected":false},"author":1,"featured_media":0,"parent":0,"menu_order":0,"comment_status":"closed","ping_status":"closed","template":"","meta":{"_monsterinsights_skip_tracking":false,"_monsterinsights_sitenote_active":false,"_monsterinsights_sitenote_note":"","_monsterinsights_sitenote_category":0,"footnotes":""},"class_list":["post-437","page","type-page","status-publish","hentry"],"jetpack_sharing_enabled":true,"_links":{"self":[{"href":"https:\/\/harmonietoulouse.com\/index.php\/wp-json\/wp\/v2\/pages\/437","targetHints":{"allow":["GET"]}}],"collection":[{"href":"https:\/\/harmonietoulouse.com\/index.php\/wp-json\/wp\/v2\/pages"}],"about":[{"href":"https:\/\/harmonietoulouse.com\/index.php\/wp-json\/wp\/v2\/types\/page"}],"author":[{"embeddable":true,"href":"https:\/\/harmonietoulouse.com\/index.php\/wp-json\/wp\/v2\/users\/1"}],"replies":[{"embeddable":true,"href":"https:\/\/harmonietoulouse.com\/index.php\/wp-json\/wp\/v2\/comments?post=437"}],"version-history":[{"count":31,"href":"https:\/\/harmonietoulouse.com\/index.php\/wp-json\/wp\/v2\/pages\/437\/revisions"}],"predecessor-version":[{"id":444,"href":"https:\/\/harmonietoulouse.com\/index.php\/wp-json\/wp\/v2\/pages\/437\/revisions\/444"}],"wp:attachment":[{"href":"https:\/\/harmonietoulouse.com\/index.php\/wp-json\/wp\/v2\/media?parent=437"}],"curies":[{"name":"wp","href":"https:\/\/api.w.org\/{rel}","templated":true}]}}